{"id":3286,"date":"2019-02-07T08:23:28","date_gmt":"2019-02-07T07:23:28","guid":{"rendered":"https:\/\/webapp.viptechjob.eu\/politica-de-confidentialitate\/"},"modified":"2020-06-03T23:58:34","modified_gmt":"2020-06-03T22:58:34","slug":"politica-de-confidentialitate","status":"publish","type":"page","link":"https:\/\/webapp.viptechjob.eu\/ro\/politica-de-confidentialitate\/","title":{"rendered":"Politica de confidentialitate."},"content":{"rendered":"<p>Bine ati venit la VIP Tech Job Project, aplicatie realizata de urmatorii parteneri de proiect: Belgia <a href=\"http:\/\/www.viewsinternational.eu\/\" target=\"_blank\" rel=\"noopener noreferrer\">(Views International<\/a>), Italia( <a href=\"http:\/\/www.aforismatoscana.net\/\" target=\"_blank\" rel=\"noopener noreferrer\">Aforisma Toscana<\/a> si <a href=\"https:\/\/www.istitutorittmeyer.it\/\" target=\"_blank\" rel=\"noopener noreferrer\">Istituto Rittmeyer)<\/a>si Spania (<a href=\"http:\/\/www.doceteomnes.com\/\" target=\"_blank\" rel=\"noopener noreferrer\">Docete Omnes Foundation<\/a>). Ne bucuram ca putem lucra cu dvs.si mai ales ca va putem ajuta in dezvoltarea carierei. Pentru a putea sa va oferim ajutor, strangem si folosim informatii despre dvs. Siteul VIP Tech Job Project se angajeaza sa respecte toate conditiile privind confidentialeitatea datelor cu caracter personal. Politica privind confidentialitatea datelor cu caracter personal descrie drepturile referitoare la informatiile pe care le detinem in ceea ce va priveste precum si masurile pe care le punem in aplicatie pentru a va proteja confidentialitatea. Ar putea sa vi se para un text lung, dar va recomandam sa cititi cu atentie Politica de confidentialitate a datelor cu caracter personal. Mai jos este un index si, daca preferati, puteti accesa direct sectiuni care va intereseaza mai mult.<\/p>\n<h2><strong><u>Index<\/u><\/strong><\/h2>\n<ol>\n<li>    <a href=\"#section1\">Cateva conditii de care sa tineti cont.<\/a><\/li>\n<li>    <a href=\"#section2\">Ce fel de date personale strangem si folosim?<\/a><\/li>\n<li>    <a href=\"#section3\">De ce folosim informatii personale despre dvs.?<\/a><\/li>\n<li>    <a href=\"#section4\">Care sunt prevederile legislative in aceasta privinta?<\/a><\/li>\n<li>    <a href=\"#section5\">Este necesar sa ne oferiti informatiile confidentiale solicitate?<\/a><\/li>\n<li>    <a href=\"#section6\">Pentru cat timp pastram informatile personale?<\/a><\/li>\n<li>    <a href=\"#section7\">Transmitem informatiile si unor terti?<\/a><\/li>\n<li>    <a href=\"#section8\">Comunicam datele personale si in afara Uniunii Europene?<\/a><\/li>\n<li>    <a href=\"#section9\">Care sunt drepturile dvs.?<\/a><\/li>\n<li>    <a href=\"#section10\">Ce se intampla cu datele de securitate atunci cand deschideti siteul Web VIP Tech Job Project ?<\/a><\/li>\n<li>    <a href=\"#section11\">Adresa IP si cookies.<\/a><\/li>\n<li>    <a href=\"#section12\">Cum ne puteti contacta?<\/a><\/li>\n<li>    <a href=\"#section13\">Cum administram schimbarile din aceasta Politica?<\/a><\/li>\n<\/ol>\n<hr>\n<h3><a name=\"section1\"><\/a>1) Cateva termene si conditii:<\/h3>\n<p>Mai intai, aceasta aplicatie Web permite utilizatorilor sa trimita si sa vada continuturi legate de oportunitati de angajare, potrivite pentru persoane nevazatoare sau slab-vazatoare, intr-un mod accesibil. In plus, nevazatorii sau slab-vazatorii pot impartasi oportunitati de angajare pe care le considera interesante si altor utilizatori; si, bineinteles, pot sa aplice si ei pentru a se angaja foarte usor.<\/p>\n<p>Va puteti crea un cont pentru a avea acces la toate resursele precum si la ofertele de angajare disponibile in cadrul aplicatiei web.<\/p>\n<p>Companiile isi pot publica ofertele de angajare, pot primi aplicatiile pentru angajare si, de asemenea, pot gasi cea mai buna scrisoare de intentie dintre cele publicate de catre utilzatori.<\/p>\n<p>Am dezvoltat de asemenea o <a href=\"https:\/\/howto.viptechjob.eu\" target=\"_blank\" rel=\"noopener noreferrer\">Platforma de cursuri on-line, gratuita. <\/a> Scopul acesteia este de a-i ajuta pe oamenii cu deficienta de vedere sa foloseasca mai bine instrumentele disponibile pe Internet precum si de a-i invata cum sa se prezinte mai bine pentru a obtine un interviu. Platforma este gratuita si include informatii importante privind legislatia, resurse precum si alte informatii din UE, in special din tari partenere in proiect, Belgia (Views International), Italia(Aforisma Toscana si Istituto Rittmeyer) si Spania (Decete Omnes Foundation).<\/p>\n<p>Aceasta Politica se refera si la informatii in legatura cu diferite persoane, cu dvs. sau cu familia dvs. Includeti informatii despre dvs., dar si opinii pe care vi le-ai exprimat (de exemplu &#8222;experienta profesionala, informatie suplimentara, descriere CV). Poate sa nu fie vorba despre informatii de ordin personal (desi uneori poate fi vorba despre amandoua tipurile de informatii). Acest tip de informatie se refera la sintagme precum &#8222;informatie personala&#8221;,&#8221;date personale&#8221; sau &#8222;informatii identificate sau indentificabile ca fiind personale&#8221; chiar daca prin intermediul acestei politicii folosim termenii &#8222;Informatii cu caracter personal&#8221;.<\/p>\n<h3><a name=\"section2\"><\/a>2) Ce tipuri de date personale strangem si folosim?<\/h3>\n<p>Informatiile pe care acest proiect le strange includ, printre altele, urmatoarele:<\/p>\n<ol>\n<li>Numele dvs., data nasterii, datele de contact si cele legate de studii( incluzand practica, cursuri&#8230;), document de identitate si orice alt tip de informatii pe care le-ati putea include in CV.<\/li>\n<li>Daca va inregistrati in portalul nostru folosind Linkedln sau orice alt tip de retea sociala ; date de Profil.<\/li>\n<li>Daca ne contactati, putem pastra dovezi ale unei astfel de comunicari.<\/li>\n<li>Toate informatile pe care ni le furnizati atunci cand folositi&#8221; Contul de aplicant&#8221; sau &#8222;Contul companiei&#8221;. Mai exact, numele, prenumele si e-mailul. Furnizarea informa\u021biilor dvs. personale prin aceste formulare nu este o cerin\u021b\u0103 obligatorie sau contractual\u0103. Totusi campurile marcate cu un asterix sunt obligatorii pentru ca avem nevoie de aceste informatii pentru a veni in ajutorul dvs. Alte informatii, pe care le transmiteti completand aceste formulare, sunt la dispozitia dvs.<\/li>\n<li>De asemenea strangem date despre vizitarea siteurilor\/ inclusiv a Portalurilor, dar nu numai, adresa IP, tipul de browser folosit, locatie, tara, intrari pe pagina sau accesarea altor surse. Aceasta informatie va faciliteaza vizita pe site sau Portal in viitor.<\/li>\n<li>Puteti atasa fotografia (desi nu este obligatoriu).<\/li>\n<li>Date privind posibile deficiente sau a unor elemente care trebuie adaptate\/accesibilizate la locul de munca.<\/li>\n<li>In anumite situatii, cand este permis, putem strange si date personale ceva mai sensibile.<\/li>\n<\/ol>\n<h3><a name=\"section3\"><\/a>3) De ce folosim informatii personale despre dvs.?<\/h3>\n<p>Proiectul strange si proceseaza informatii personale pentru:<\/p>\n<ol>\n<li>Furnizarea serviciilor pe care le asteptati, precum gasirea unei slujbe, ajutor pentru a va forma ori facilitarea procesului de a aplica pentru o slujba. Aceasta include trimiterea CV-ului catre poten\u021bialii angajatori pentru evaluarea corespunz\u0103toare \u0219i pentru a va \u021bine la curent cu posturile viitoare disponibile prin po\u0219t\u0103, telefon, e-mail sau alte mijloace de comunicare.<\/li>\n<li>Pentru studii de analiza statistica si analitica, de exemplu, pentru compararea eficacitatii misiunilor \/ angaj\u0103rii utilizatorilor \u00eentre diferite sectoare de activitate \u0219i zone geografice, precum \u0219i c\u0103utarea sau identificarea factorilor care pot influen\u021ba diferen\u021bele constatate.<\/li>\n<li>Comunicarea datelor unor terti(vezi mai jos).<\/li>\n<li>Atunci cand este necesar respectarea dispozitiilor legale.<\/li>\n<li>Putem de asemenea sa folosim informatia si pentru:<\/li>\n<\/ol>\n<ul>\n<li style=\"list-style-type: none;\">\n<ul>\n<li> Promovarea securitatii si a protejarii oamenilor, a sistemelor, a facilitatilor si a bunurilor.<\/li>\n<li> Asigurarea conformitatii cu politicile si procedurile interne.<\/li>\n<li> Gestionarea comunicatiilor si a altor sisteme folosite de catre proiectul WEB VIP Tech Job(inclusiv baza de date de contacte interne).<\/li>\n<li> Cautarea si gestionarea incidentelor si a plangerilor.<\/li>\n<li> Respectarea obligatiilor si a drepturilor precum si cooperarea in investigatii desfasurate de politie, curti de justitie, autoritatile de reglemenatare.<\/li>\n<\/ul>\n<\/li>\n<\/ul>\n<h3><a name=\"section4\"><\/a>4) Care sunt prevederile legale in legatura cu acest lucru?<\/h3>\n<p>Administram datele personale conform legislatiei in vigoare.<\/p>\n<p>Atunci cand lucram cu aceste date, prin intermediul proiectului Web VIP Tech Job, este pentru necesitatea realizarii unui contract in care partea interesata se constituie ca parte; aceste date sunt necesare de asemenea pentru a satisface interesele legitime ale Proiectului VIP Tech Web Job \u00een exercitarea dreptului s\u0103u \u0219i \u00een cel al partenerilor s\u0103i pentru a dezvolta un proiect care nu atrage daune intereselor sau drepturilor \u0219i libert\u0103\u021bilor fundamentale. Atunci cand acest lucru este necesar datorita proiectului, va asiguram ca totul se realizeaza in interesul deplin al partilor. In afara ipotezelor de mai sus folosim datele dvs. personale numai cu acordul dvs.<\/p>\n<h3><a name=\"section5\"><\/a>5) Trebuie sa ne furnizati datele pe care vi le-am solicitat?<\/h3>\n<p>Chiar daca nu sunteti obligat sa ne furnizati datele dvs. personale, nu vom putea sa va ajutam si nici nu vom fi capabili sa va oferim vreun serviciu.<\/p>\n<h3><a name=\"section6\"><\/a>6) Pentru cat timp pastram datele tale personale?<\/h3>\n<p>Proiectul Web Tech Job poate pastra datele tale personale pentru o perioada de maximum 3 ani de la ultima interactiune cu noi. Daca reusiti sa va gasiti de lucru prin intermediul nostru, vom pastra datele dvs.pentru o perioada mai lunga pentru a respecta obligatiile contractuale si legale, dar si din considerente statistice.<\/p>\n<h3><a name=\"section7\"><\/a>7) Comunicam informatia unor terti?<\/h3>\n<p>Asa cum am spus mai sus, de obicei comunicam informatia unor terti. Scopul este acela de a fi capabili sa indeplinim obiectivele enuntate mai sus in urmatoarele circumstante:<\/p>\n<ul>\n<li>Furnizorilor nostri. De exemplu, am putea angaja un furnizor care sa indeplineasca sarcini administrative sau munca operationala in legatura cu unul dintre utilizatorii nostri. Furnizorul(i) va\/vor avea obligatia legala si contractuala sa pastreze confidentialitatea datelor cu caracter personal si sa protejeze confidentialitatea avand acces la informatii necesare dezvoltarii misiunii sale: cei mai relevanti furnizori sunt cei din sistemul informatic (cei care gazduiesc sau sustin sistemele informatice care includ si date despre dvs).<\/li>\n<li>Membrii proiectului VIP Web Tech Job, in tari din afara UE; partenerii din Grupul de proiect VIP Web Tech Job au diferite functii, iar informatiile pot fi impartasite cu ei in diferite scopuri precum:<\/li>\n<li>Poten\u021bialilor angajatori: le vom furniza informatii despre dvs. celor care au oferte de angajare care v-ar putea interesa sau companiilor care sunt interesate de profilul dvs. Datele pe care le primesc constituie subiect al unor obligatii legale si contractuale.<\/li>\n<li>Printre cei carora le vom furniza informatii mentionam Administratorul, autoritatile de reglementare sau fortele de securitate, intelegand prin aceasta ca suntem constransi legal sau autorizati sa facem acest lucru.<\/li>\n<\/ul>\n<h3><a name=\"section8\"><\/a>8) Comunicam date si in afara UE?<\/h3>\n<p>Informa\u021biile utilizatorilor pot fi transferate \u0219i procesate \u00eentr-una sau mai multe \u021b\u0103ri, in cadrul UE, in special in tari care fac parte din acest proiect: Belgia <a href=\"http:\/\/www.viewsinternational.eu\/\" target=\"_blank\" rel=\"noopener noreferrer\">(Views International,)<\/a> Italia <a href=\"http:\/\/www.aforismatoscana.net\/\" target=\"_blank\" rel=\"noopener noreferrer\">(Aforisma Toscana <\/a>si <a href=\"https:\/\/www.istitutorittmeyer.it\/\" target=\"_blank\" rel=\"noopener noreferrer\">Istituto Rittmeyer)<\/a> si Spania <a href=\"http:\/\/www.doceteomnes.com\/\" target=\"_blank\" rel=\"noopener noreferrer\">(Docete Omnes Foundation).<\/a><\/p>\n<h3><a name=\"section9\"><\/a>9) Care sunt drepturile dvs?<\/h3>\n<ul>\n<li>Dreptul de a accesa si de a obtine o copie a informatiilor cu caracter personal. Dreptul de a cere informatii despre tot ce are legatura cu datele dvs personale. Daca sunteti interesat, puteti accesa informatiile personale (via Portal) si puteti afla cateva informatii despre cum sunt procesate. In anumite situatii ne puteti cere sa va oferim o copie in format electronic a datelor dvs.<\/li>\n<li>Dreptul de a modifica informatiile personale. In cazul in care informatiile despre dvs. nu sunt corecte, ne puteti solicita sa imbunatatim sau sa corectam informatia respectiva. In oricare dintre situatii, va recomandam sa accesati Portalul si sa va imbunatatiti informatiile direct.<\/li>\n<li>Dreptul de a abandona sau de a sterge anumite informatii.<\/li>\n<li>In anumite situatii aveti dreptul de a ne cere sa incetam procesarea datelor dvs. sau de a sterge anumite informatii. Aplicatia poate fi depusa oricand, iar proiectul VIP Tech Job este cel care va evalua si va alege\/sau nu candidatura. Cu toate acestea, acest drept este supus cerin\u021belor sau obliga\u021biilor legale care pot exista si in pofida carora trebuie s\u0103 p\u0103str\u0103m informa\u021biile dvs. Platforma VIP Tech Job accepta fara intarziere anularea unor informatii atunci cand situatia impune acest lucru. Trebuie avut in vedere ca odata ce informatia a fost stearsa, nu mai este posibil sa continuam sa va sustinem in cautarea unei slujbe. In cazul in care doriti sa va re\u00eenscrieti pe platforma, va fi necesar sa mai completati informatiile solicitate.<\/li>\n<li>Dreptul de a obiecta Datele cu caracter personal sunt procesate in interesul dvs. legitim si nu in interes de marketing. Veti avea dreptul de a va opune din motive legate de situatia dvs. particulara procesarii datelor cu caracter personal.<\/li>\n<\/ul>\n<p>Daca doriti sa folositi vreunul dintre aceste drepturi, va puteti accesa profilul sau puteti trimite un e-mail la adresa: <a href=\"mailto:fundacion@doceteomnes.com\">fundacion@doceteomnes.com<\/a><\/p>\n<p>Atunci cand doriti sa va exersati vreunul dintre drepturile mentionate, platforma va poate solicita sa va identificati corect inainte de a procesa cererea. In sf\u00e2r\u0219it, ave\u021bi dreptul de a depune o reclama\u021bie la autoritatea competent\u0103 \u00een probleme de protec\u021bie a datelor cu caracter personal, la locul de re\u0219edin\u021b\u0103, la locul de munc\u0103 sau acolo unde considera\u021bi c\u0103 a avut loc un incident legat de informa\u021biile dvs. personale.<\/p>\n<h3><a name=\"section10\"><\/a>10) Ce se intampla cu datele de securitate atunci cand folositi VIP Tech Projects?<\/h3>\n<p>Sunte\u021bi responsabil pentru p\u0103strarea securit\u0103\u021bii datelor de acces la portalul dvs., \u00een special parola furnizat\u0103 sau aleas\u0103. Datele de acces sunt folosite exclusiv de catre utilizator, ele neputand fi transmise catre altcineva.<\/p>\n<h3><a name=\"section11\"><\/a>11) Cum ne puteti contacta?<\/h3>\n<p>Pentru orice intrebare legata de aceasta Politica; pentru a afla despre modul cum protejam informatiile atunci cand sunt extinse in afara spatiului UE sau\/si cum puteti contacta un delegat pentru protejarea datelor cu caracter personal, puteti trimite un e-mail la adresa: <a href=\"mailto:fundacion@doceteomnes.com\">fundacion@doceteomnes.com<\/a><\/p>\n<h3><a name=\"section12\"><\/a>12) Cum administram schimbarile din aceasta Politica?<\/h3>\n<p>Termenii acestei Politicii se pot modifica uneori. Vom face publica orice schimbare relevanta pe web sau in urma unei contactari pe un canal de comunicare.<\/p>\n<p>&nbsp;<\/p>\n","protected":false},"excerpt":{"rendered":"<p>Bine ati venit la VIP Tech Job Project, aplicatie realizata de urmatorii parteneri de proiect: Belgia (Views International), Italia( Aforisma Toscana si Istituto Rittmeyer)si Spania (Docete Omnes Foundation). Ne bucuram ca putem lucra cu dvs.si mai ales ca va putem ajuta in dezvoltarea carierei. Pentru a putea sa va oferim ajutor, strangem si folosim informatii &hellip; <a href=\"https:\/\/webapp.viptechjob.eu\/ro\/politica-de-confidentialitate\/\" class=\"more-link\">Continu\u0103 lectura<span class=\"screen-reader-text\"> \u201ePolitica de confidentialitate.\u201d<\/span><\/a><\/p>\n","protected":false},"author":1,"featured_media":0,"parent":0,"menu_order":0,"comment_status":"closed","ping_status":"closed","template":"","meta":[],"_links":{"self":[{"href":"https:\/\/webapp.viptechjob.eu\/ro\/wp-json\/wp\/v2\/pages\/3286"}],"collection":[{"href":"https:\/\/webapp.viptechjob.eu\/ro\/wp-json\/wp\/v2\/pages"}],"about":[{"href":"https:\/\/webapp.viptechjob.eu\/ro\/wp-json\/wp\/v2\/types\/page"}],"author":[{"embeddable":true,"href":"https:\/\/webapp.viptechjob.eu\/ro\/wp-json\/wp\/v2\/users\/1"}],"replies":[{"embeddable":true,"href":"https:\/\/webapp.viptechjob.eu\/ro\/wp-json\/wp\/v2\/comments?post=3286"}],"version-history":[{"count":3,"href":"https:\/\/webapp.viptechjob.eu\/ro\/wp-json\/wp\/v2\/pages\/3286\/revisions"}],"predecessor-version":[{"id":4738,"href":"https:\/\/webapp.viptechjob.eu\/ro\/wp-json\/wp\/v2\/pages\/3286\/revisions\/4738"}],"wp:attachment":[{"href":"https:\/\/webapp.viptechjob.eu\/ro\/wp-json\/wp\/v2\/media?parent=3286"}],"curies":[{"name":"wp","href":"https:\/\/api.w.org\/{rel}","templated":true}]}}