{"id":3616,"date":"2019-02-07T08:23:28","date_gmt":"2019-02-07T07:23:28","guid":{"rendered":"https:\/\/webapp.viptechjob.eu\/polityka-prywatnosci\/"},"modified":"2020-04-20T12:00:11","modified_gmt":"2020-04-20T11:00:11","slug":"polityka-prywatnosci","status":"publish","type":"page","link":"https:\/\/webapp.viptechjob.eu\/pl\/polityka-prywatnosci\/","title":{"rendered":"Polityka Prywatno\u015bci"},"content":{"rendered":"<p>Witaj w aplikacji stworzonej w ramach projektu &#8222;VIP Tech Job&#8221; przy wsp\u00f3\u0142pracy: Belgia (<a href=\"http:\/\/www.viewsinternational.eu\/\" target=\"_blank\" rel=\"noopener noreferrer\">Views International<\/a>), W\u0142ochy(<a href=\"http:\/\/www.aforismatoscana.net\/\" target=\"_blank\" rel=\"noopener noreferrer\">Aforisma Toscana<\/a> i <a href=\"https:\/\/www.istitutorittmeyer.it\/\" target=\"_blank\" rel=\"noopener noreferrer\">Istituto Rittmeyer<\/a>) oraz Hiszpania (<a href=\"http:\/\/www.doceteomnes.com\/\" target=\"_blank\" rel=\"noopener noreferrer\">Docete Omnes Foundation<\/a>). Jeste\u015bmy szcz\u0119\u015bliwi, \u017ce mo\u017cemy z wami pracowa\u0107 i pomaga\u0107 w rozwoju waszej kariery. Zdajecie sobie pewnie spraw\u0119, \u017ce w celu zapewnienia wam odpowiednich us\u0142ug zbieramy i przechowujemy wasze dane. Strona &#8222;VIP Tech Job project&#8221; zobowi\u0105zuje si\u0119 do ochrony i poszanowania waszej prywatno\u015bci. Niniejsza Polityka Prywatno\u015bci opisuje prawa, kt\u00f3re w tej sprawie przys\u0142uguj\u0105 w zwi\u0105zku z przetwarzanymi przez nas informacjami o Tobie, a tak\u017ce \u015brodki, kt\u00f3re podejmujemy w celu ochrony Twojej prywatno\u015bci. Zdajemy sobie spraw\u0119, \u017ce opis dotycz\u0105cy Polityki Prywatno\u015bci jest obszerny, prosimy jednak o dok\u0142adne jego przeczytanie. Poni\u017cej odnale\u017a\u0107 mo\u017cesz spis, kt\u00f3re przekieruje Ci\u0119 bezpo\u015brednio do dzia\u0142\u00f3w, kt\u00f3re Ci\u0119 interesuj\u0105.<\/p>\n<h2><strong><u>Spis<\/u><\/strong><\/h2>\n<ol>\n<li>    <a href=\"#section1\">Kilka poj\u0119\u0107 do rozwa\u017cenia.<\/a><\/li>\n<li>    <a href=\"#section2\">Jakie dane osobowe zbieramy oraz jak ich u\u017cywamy?<\/a><\/li>\n<li>    <a href=\"#section3\">Dlaczego wykorzystujemy Twoje dane osobowe?<\/a><\/li>\n<li>    <a href=\"#section4\">Co m\u00f3wi o tym prawo?<\/a><\/li>\n<li>    <a href=\"#section5\">Czy musisz poda\u0107 nam informacje, o kt\u00f3re Ci\u0119 prosimy?<\/a><\/li>\n<li>    <a href=\"#section6\">Przez jaki okres przetrzymujemy Twoje dane osobowe?<\/a><\/li>\n<li>    <a href=\"#section7\">Czy przekazujemy Twoje dane osobom trzecim?<\/a><\/li>\n<li>    <a href=\"#section8\">Czy Twoje dane przekazywany s\u0105 podmiotom spoza Unii Europejskiej?<\/a><\/li>\n<li>    <a href=\"#section9\">Jakie s\u0105 Twoje prawa?<\/a><\/li>\n<li>    <a href=\"#section10\">Co dzieje si\u0119 z bezpiecze\u0144stwem danych podczas korzystania ze strony projektu VIP Tech Job?<\/a><\/li>\n<li>    <a href=\"#section11\">Adres IP oraz pliki Cookies.<\/a><\/li>\n<li>    <a href=\"#section12\">Jak mo\u017cesz si\u0119 z nami skontaktowa\u0107?<\/a><\/li>\n<li>    <a href=\"#section13\">Jak zarz\u0105dzamy zmianami w niniejszej Polityce?<\/a><\/li>\n<\/ol>\n<hr>\n<h3><a name=\"section1\"><\/a>1) Kilka poj\u0119\u0107 do rozwa\u017cenia<\/h3>\n<p>Po pierwsze, ta aplikacja internetowa pozwoli u\u017cytkownikom udost\u0119pnia\u0107 i wy\u015bwietla\u0107 tre\u015bci zwi\u0105zane z ofertami pracy odpowiednie dla os\u00f3b niewidomych lub niedowidz\u0105cych w przyst\u0119pny spos\u00f3b. Ponadto osoby niewidome lub niedowidz\u0105ce mog\u0105 udost\u0119pnia\u0107 oferty pracy, kt\u00f3re uznaj\u0105 za interesuj\u0105ce dla reszty u\u017cytkownik\u00f3w; I oczywi\u015bcie mog\u0105 szybko i \u0142atwo sk\u0142ada\u0107 podania o prac\u0119.<\/p>\n<p>Mo\u017cesz utworzy\u0107 konto kandydata i uzyska\u0107 dost\u0119p do wszystkich zasob\u00f3w i ofert pracy dost\u0119pnych w aplikacji internetowej.<\/p>\n<p>Firmy mog\u0105 publikowa\u0107 swoje oferty pracy, otrzymywa\u0107 podania o prac\u0119 i znale\u017a\u0107 najlepszego kandydata spo\u015br\u00f3d CV przes\u0142anych do aplikacji.<\/p>\n<p>Opracowali\u015bmy r\u00f3wnie\u017c <a href=\"https:\/\/howto.viptechjob.eu\" target=\"_blank\" rel=\"noopener noreferrer\">bezp\u0142atn\u0105 platform\u0119 szkoleniow\u0105 online<\/a>, aby pom\u00f3c osobom z niepe\u0142nosprawno\u015bci\u0105 wzrokow\u0105 (VIP) i osobom niewidomym w lepszym korzystaniu z narz\u0119dzi dost\u0119pnych w Internecie i nauczy\u0107 ich, jak si\u0119 zaprezentowa\u0107, a g\u0142\u00f3wnym celem jest uzyskanie rozmowy o prac\u0119. Platforma jest bezp\u0142atna i zawiera wa\u017cne informacje na temat prawodawstwa, zasob\u00f3w i wielu innych informacji w UE, a zw\u0142aszcza w krajach partner\u00f3w projektu: Belgia (Views International), W\u0142ochy (Aforisma Toscana i Istituto Rittmeyer) oraz Hiszpania ( Fundacja Docete Omnes).<\/p>\n<p>Konkluduj\u0105c, niniejsze Polityka odnosi si\u0119 do informacji o osobach, takich jak Ty czy Twoja rodzina. Zawiera informacje o tobie, ale tak\u017ce Twoje opinie i to, co wyrazi\u0142e\u015b (na przyk\u0142ad \u201edo\u015bwiadczenie zawodowe, dodatkowe informacje, opis CV\u201d). Nie mog\u0105 to by\u0107 dane osobowe (chocia\u017c czasami mog\u0105 wyst\u0105pi\u0107 oba). Tego rodzaju informacje s\u0105 czasami nazywane \u201edanymi osobowymi\u201d, \u201edanymi personalnymi\u201d lub \u201edanymi identyfikuj\u0105cymi lub mo\u017cliwymi do zidentyfikowania\u201d, jednak w niniejszej Polityce u\u017cywamy terminu \u201edane osobowe\u201d.<\/p>\n<h3><a name=\"section2\"><\/a>2) Jakie dane osobowe zbieramy oraz jak ich u\u017cywamy?<\/h3>\n<p>Dane osobowe gromadzone w ramach projektu obejmuj\u0105 mi\u0119dzy innymi nast\u0119puj\u0105ce dane:<\/p>\n<ol>\n<li>Twoje imi\u0119 i nazwisko, dane urodzenia, dane kontaktowe i wykszta\u0142cenie (studia, kursy, praktyki &#8230;), dokument to\u017csamo\u015bci, zezwolenie na prac\u0119 i wszelkie inne informacje, kt\u00f3re mog\u0142e\u015b zawrze\u0107 w swoim CV.<\/li>\n<li>Je\u015bli zarejestrujesz si\u0119 w naszym portalu za pomoc\u0105 LinkedIn lub innej sieci spo\u0142eczno\u015bciowej; Dane profilu.<\/li>\n<li>Je\u015bli skontaktujesz si\u0119 z nami, mo\u017cemy przechowywa\u0107 dowody takiej komunikacji.<\/li>\n<li>Wszelkie informacje, kt\u00f3re nam przekazujesz, korzystaj\u0105c z naszych formularzy \u201eKonto kandydata\u201d, \u201eKonto firmowe\u201d). W szczeg\u00f3lno\u015bci imi\u0119, nazwisko i adres e-mail. Podanie danych osobowych za po\u015brednictwem tych formularzy nie jest obowi\u0105zkowe lub warunkiem umowy. Jednak pola oznaczone gwiazdk\u0105 s\u0105 obowi\u0105zkowe, poniewa\u017c potrzebujemy tych informacji, aby zrealizowa\u0107 Twoje podanie. Inne informacje, kt\u00f3re udost\u0119pniasz nam poprzez wype\u0142nianie tych formularzy, zale\u017c\u0105 od Ciebie.<\/li>\n<li>Gromadzimy r\u00f3wnie\u017c informacje o wizytach na stronie \/ portalu, w tym mi\u0119dzy innymi (lecz nie tylko) adres IP, u\u017cywan\u0105 przegl\u0105dark\u0119, lokalizacj\u0119, kraj, wpisy na stronie oraz inne dane i dost\u0119pne \u017ar\u00f3d\u0142a. Te informacje u\u0142atwi\u0105 Ci w przysz\u0142o\u015bci odwiedzanie naszej witryny lub portalu.<\/li>\n<li>Mo\u017cesz za\u0142\u0105czy\u0107 swoje zdj\u0119cie (cho\u0107 nie jest to obowi\u0105zkowe).<\/li>\n<li>Dane dotycz\u0105ce mo\u017cliwych niepe\u0142nosprawno\u015bci czy adaptacji, kt\u00f3re musimy wprowadzi\u0107 w miejscu pracy.<\/li>\n<li>W niekt\u00f3rych przypadkach, gdy jest to dozwolone, b\u0119dziemy r\u00f3wnie\u017c gromadzi\u0107 wra\u017cliwe dane osobowe.<\/li>\n<\/ol>\n<h3><a name=\"section3\"><\/a>3) Dlaczego wykorzystujemy Twoje dane osobowe?<\/h3>\n<p>Projekt zbiera i przetwarza dane osobowe w celu:<\/p>\n<ol>\n<li>Zapewnienia us\u0142ug, kt\u00f3rych oczekujesz, takie jak znalezienie pracy, pomoc w szkoleniu lub u\u0142atwienie procesu ubiegania si\u0119 o stanowisko. Obejmuje to wysy\u0142anie CV do potencjalnych pracodawc\u00f3w w celu dokonania odpowiedniej oceny oraz informowanie o przysz\u0142ych ofertach pracy dost\u0119pnych za po\u015brednictwem poczty, telefonu, poczty elektronicznej lub innych \u015brodk\u00f3w komunikacji.<\/li>\n<li>Do przeprowadzania bada\u0144 statystycznych i analitycznych, na przyk\u0142ad w celu por\u00f3wnania skuteczno\u015bci zapis\u00f3w \/ zatrudniania U\u017cytkownik\u00f3w mi\u0119dzy r\u00f3\u017cnymi sektorami biznesowymi i obszarami geograficznymi, a tak\u017ce do wyszukiwania lub identyfikowania czynnik\u00f3w, kt\u00f3re mog\u0105 wp\u0142ywa\u0107 na stwierdzone r\u00f3\u017cnice.<\/li>\n<li>Przekazywanie danych osobom trzecim (zob. poni\u017cej).<\/li>\n<li>W razie potrzeby, stosuj si\u0119 do obowi\u0105zk\u00f3w prawnych.<\/li>\n<li>Mo\u017cemy r\u00f3wnie\u017c wykorzysta\u0107 te informacje do:<\/li>\n<\/ol>\n<ul>\n<li style=\"list-style-type: none;\">\n<ul>\n<li> Zapewniania bezpiecze\u0144stwa i ochrony ludzi, obiekt\u00f3w, system\u00f3w i towar\u00f3w.<\/li>\n<li> Dbania o zgodno\u015b\u0107 z wewn\u0119trznymi zasadami i procedurami.<\/li>\n<li> Zarz\u0105dzania komunikacj\u0105 i innymi systemami u\u017cywanymi przez stron\u0119 VIP Tech Job Project (w tym wewn\u0119trzn\u0105 baz\u0119 danych kontakt\u00f3w).<\/li>\n<li> Badania oraz zarz\u0105dzania incydentami i roszczeniami.<\/li>\n<li> Przestrzegaj obowi\u0105zk\u00f3w i praw, a tak\u017ce wsp\u00f3\u0142pracuj przy wszelkich dochodzeniach prowadzonych przez policj\u0119, s\u0105dy, organy regulacyjne itp.<\/li>\n<\/ul>\n<\/li>\n<\/ul>\n<h3><a name=\"section4\"><\/a>4) Co m\u00f3wi o tym prawo?<\/h3>\n<p>Zgodnie z prawem jeste\u015bmy zobowi\u0105zani do przetwarzania Twoich danych osobowych za pomoc\u0105 dowolnej podstawy prawnej, kt\u00f3ra na to pozwala.<\/p>\n<p>Gdy pracujesz z projektem VIP Tech Job lub za jego po\u015brednictwem, dzia\u0142ania, kt\u00f3re przeprowadzamy dla tych cel\u00f3w, opiera si\u0119 na fakcie, \u017ce proces ten jest niezb\u0119dny do wykonania umowy, w kt\u00f3rej stron\u0105 jest zainteresowana osoba, proces jest niezb\u0119dny do wype\u0142nienia obowi\u0105zku prawnego maj\u0105cego zastosowanie do osoby odpowiedzialnej za proces lub w kt\u00f3rym proces jest niezb\u0119dny do zaspokojenia uzasadnionych interes\u00f3w VIP Tech Job Project w ramach wykonywania jego prawa i interes\u00f3w jego partner\u00f3w, aby m\u00f3c opracowa\u0107 projekt, kt\u00f3ry nie poci\u0105ga za sob\u0105 szkody dla Twoich interes\u00f3w lub podstawowych praw czy wolno\u015bci. Gdy wy\u017cej wspomniany proces jest niezb\u0119dny do zaspokojenia interes\u00f3w projektu, zapewniamy, \u017ce jest on wykonywany w spos\u00f3b, kt\u00f3ry rekompensuje wszelkie indywidualne interesy. Poza powy\u017cszymi za\u0142o\u017ceniami, Twoje dane osobowe przetwarzamy wy\u0142\u0105cznie za Twoj\u0105 zgod\u0105.<\/p>\n<h3><a name=\"section5\"><\/a>5) Czy musisz poda\u0107 nam informacje, o kt\u00f3re Ci\u0119 prosimy?<\/h3>\n<p>Chocia\u017c nie jeste\u015b zobowi\u0105zany do dostarczenia nam danych osobowych, je\u015bli nie podasz nam ich, nie b\u0119dziemy w stanie Ci pom\u00f3c i nie b\u0119dziemy w stanie zapewni\u0107 Ci \u017cadnej us\u0142ugi.<\/p>\n<h3><a name=\"section6\"><\/a>6) Przez jaki okres przetrzymujemy Twoje dane osobowe?<\/h3>\n<p>Strona VIP Tech Job mo\u017ce przechowywa\u0107 Twoje dane osobowe przez okres maksymalnie 3 lat od momentu zarejestrowania lub dokonania ostatniej interakcji na stroniei. Je\u015bli znajdziesz za naszym po\u015brednictwem zatrudnienie, projekt b\u0119dzie musia\u0142 przechowywa\u0107 dane osobowe przez d\u0142u\u017cszy okres, aby zachowa\u0107 zgodno\u015b\u0107 z zobowi\u0105zaniami prawnymi i zobowi\u0105zaniami w ramach umowy oraz w celach statystycznych.<\/p>\n<h3><a name=\"section7\"><\/a>7) Czy przekazujemy Twoje dane osobom trzecim?<\/h3>\n<p>Jak wskazano powy\u017cej, zwykle przekazujemy Twoje dane stronom trzecim. Celem jest osi\u0105gni\u0119cie cel\u00f3w wcze\u015bniej wskazanych i robimy to w nast\u0119puj\u0105cych okoliczno\u015bciach:<\/p>\n<ul>\n<li>Do naszych us\u0142ugodawc\u00f3w. Na przyk\u0142ad mo\u017cemy zatrudni\u0107 us\u0142ugodawc\u0119 do wykonywania zada\u0144 administracyjnych lub pracy operacyjnej w celu wsparcia naszych relacji z u\u017cytkownikiem. Us\u0142ugodawcy b\u0119d\u0105 podlega\u0107 umowom i prawnym zobowi\u0105zaniom do zachowania poufno\u015bci danych i ochrony prywatno\u015bci oraz b\u0119d\u0105 mieli dost\u0119p tylko do danych niezb\u0119dnych do rozwoju ich funkcji: najistotniejszymi us\u0142ugodawcami s\u0105 na og\u00f3\u0142 Ci zajmuj\u0105cy si\u0119 systemami komputerowymi (kt\u00f3re hostuj\u0105 lub wspieraj\u0105 nasze systemy komputerowe, w tym informacje o Tobie).<\/li>\n<li>Do partner\u00f3w projektu VIP Tech Job z innych pa\u0144stw Unii Europejskiej; R\u00f3\u017cni partnerzy VIP Web Tech Job Project Group wykonuj\u0105 r\u00f3\u017cne funkcje, w wyniku czego Twoje informacje mog\u0105 by\u0107 udost\u0119pniane im w r\u00f3\u017cnych celach:<\/li>\n<li>Do naszych potencjalnych pracodawc\u00f3w: udost\u0119pnimy informacje o Tobie osobom, kt\u00f3re oferuj\u0105 prac\u0119 lub oferty, kt\u00f3rymi mo\u017cesz by\u0107 zainteresowany, lub firmom zainteresowanym Twoim profilem. Powy\u017csze podmioty podlegaj\u0105 umowom i poufnym zobowi\u0105zaniom w odniesieniu do otrzymywanych danych.<\/li>\n<li>Udost\u0119pniamy informacje organom takim jak: administracja publiczna, organy regulacyjne, s\u0142u\u017cby bezpiecze\u0144stwa, s\u0105dy, i tp. kiedy uznaj\u0105, \u017ce jeste\u015bmy prawnie zobowi\u0105zani, upowa\u017cnieni lub uznani za niezb\u0119dnych w ich post\u0119powaniu.<\/li>\n<\/ul>\n<h3><a name=\"section8\"><\/a>8) Czy Twoje dane przekazywany s\u0105 podmiotom spoza Unii Europejskiej?<\/h3>\n<p>Informacje o u\u017cytkownikach mog\u0105 by\u0107 przesy\u0142ane i przetwarzane w jednym lub kilku krajach Unii Europejskiej, do kt\u00f3rych nale\u017c\u0105 partnerzy projektu kt\u00f3rymi s\u0105: Belgia (<a href=\"http:\/\/www.viewsinternational.eu\/\" target=\"_blank\" rel=\"noopener noreferrer\">Views International<\/a>), W\u0142ochy (<a href=\"http:\/\/www.aforismatoscana.net\/\" target=\"_blank\" rel=\"noopener noreferrer\">Aforisma Toscana<\/a> i <a href=\"https:\/\/www.istitutorittmeyer.it\/\" target=\"_blank\" rel=\"noopener noreferrer\">Istituto Rittmeyer<\/a>) oraz Hiszpania (<a href=\"http:\/\/www.doceteomnes.com\/\" target=\"_blank\" rel=\"noopener noreferrer\">Fundacja Docete Omnes<\/a>).<\/p>\n<h3><a name=\"section9\"><\/a>9) Jakie s\u0105 Twoje prawa?<\/h3>\n<ul>\n<li>Prawo dost\u0119pu do kopii danych osobowych i uzyskania ich. Masz prawo za\u017c\u0105da\u0107 informacji o tym, jak zarz\u0105dzamy Twoimi danymi osobowymi. Je\u015bli tak, mo\u017cesz uzyska\u0107 dost\u0119p do swoich danych osobowych (za po\u015brednictwem portalu) i niekt\u00f3rych informacji o tym, jak s\u0105 przetwarzane. W niekt\u00f3rych przypadkach mo\u017cesz poprosi\u0107 nas o dostarczenie elektronicznej kopii Twoich danych.<\/li>\n<li>Prawo do skorygowania danych osobowych. Je\u015bli wyka\u017cesz, \u017ce dane osobowe, kt\u00f3re posiadamy o Tobie, s\u0105 nieprawid\u0142owe, mo\u017cesz za\u017c\u0105da\u0107 od nas zaktualizowania lub poprawienia tych informacji. W ka\u017cdym razie zach\u0119camy do uzyskania dost\u0119pu do portalu i bezpo\u015bredniej aktualizacji swoich danych osobowych.<\/li>\n<li>Prawo do pozostawienia lub usuni\u0119cia informacji.<\/li>\n<li>W niekt\u00f3rych przypadkach masz prawo za\u017c\u0105da\u0107 zaprzestania przetwarzania Twoich danych osobowych lub usuni\u0119cia takich informacji. Wniosek mo\u017cna z\u0142o\u017cy\u0107 w dowolnym momencie, a administracja projektu VIP Tech Job ocenii i potwierdzi, czy wniosek powinien zosta\u0107 przyj\u0119ty. Jednak\u017ce, przepisy te podlegaj\u0105 wymaganiom prawnym lub obowi\u0105zkom, w zwi\u0105zku z kt\u00f3rymi musimy przechowywa\u0107 Twoje dane. W przypadkach, w kt\u00f3rych zgodnie ze standardami ustalimy, \u017ce pro\u015bba o anulowanie danych musi zosta\u0107 spe\u0142niona, strona VIP Tech Job zrobi to bez niepotrzebnych op\u00f3\u017anie\u0144. Nale\u017cy wzi\u0105\u0107 pod uwag\u0119, \u017ce po usuni\u0119ciu informacji z projektu nie b\u0119dziemy mogli nadal pomaga\u0107 Ci we wspomnianych celach. Je\u015bli zechcesz ponownie zarejestrowa\u0107 si\u0119 w projekcie, konieczne b\u0119dzie ponowne podanie informacji.<\/li>\n<li>Prawo do sprzeciwu . W zakresie, w jakim przetwarzanie danych osobowych, kt\u00f3re posiadamy o Tobie w ramach projektu, jest oparte na uzasadnionym interesie tego samego (i nie ma innej podstawy przetwarzania) lub odnosi si\u0119 do dzia\u0142a\u0144 marketingowych. B\u0119dziesz mie\u0107 prawo sprzeciwi\u0107 si\u0119 przetwarzaniu Twoich danych osobowych z powod\u00f3w zwi\u0105zanych z Twoj\u0105 szczeg\u00f3ln\u0105 sytuacj\u0105.<\/li>\n<\/ul>\n<p>Je\u015bli chcesz skorzysta\u0107 z kt\u00f3regokolwiek z wymienionych praw, mo\u017cesz uzyska\u0107 dost\u0119p do swojego profilu w portalu lub skontaktowa\u0107 si\u0119 z nami, wysy\u0142aj\u0105c wiadomo\u015b\u0107 na podany adres e-mail: <a href=\"mailto:fundacion@doceteomnes.com\">fundacion@doceteomnes.com<\/a><\/p>\n<p>Gdy skontaktujesz si\u0119 w celu skorzystania z wy\u017cej wymienionych praw, administracja projektu mo\u017ce poprosi\u0107 Ci\u0119 o odpowiedni\u0105 identyfikacj\u0119, zanim b\u0119dziesz m\u00f3g\u0142 kontynuowa\u0107 wspomnian\u0105 procedur\u0119. Posiadasz r\u00f3wnie\u017c prawo wnie\u015b\u0107 skarg\u0119 do w\u0142a\u015bciwego organu w sprawach dotycz\u0105cych ochrony danych takich jak: miejsce zamieszkania czy pracy lub w tym miejscu, w kt\u00f3rym uwa\u017casz, \u017ce dosz\u0142o do naruszenia zwi\u0105zanego z Twoimi danymi osobowymi.<\/p>\n<h3><a name=\"section10\"><\/a>10) Co dzieje si\u0119 z bezpiecze\u0144stwem danych podczas korzystania ze strony projektu VIP Tech Job?<\/h3>\n<p>Odpowiadasz za bezpiecze\u0144stwo danych dost\u0119powych do swojego portalu, w szczeg\u00f3lno\u015bci podanego lub wybranego has\u0142a. Te dane dost\u0119powe s\u0105 do wy\u0142\u0105cznego u\u017cytku U\u017cytkownika, bez mo\u017cliwo\u015bci udost\u0119pniania ich lub reszty danych konta innej osobie.<\/p>\n<h3><a name=\"section11\"><\/a>11) Jak mo\u017cesz si\u0119 z nami skontaktowa\u0107?<\/h3>\n<p>W przypadku jakichkolwiek pyta\u0144 lub w\u0105tpliwo\u015bci zwi\u0105zanych z niniejszymi zasadami, w celu rozszerzenia informacji o tym, w jaki spos\u00f3b chronimy informacje (na przyk\u0142ad, gdy wykonujemy przelewy poza UE) i \/ lub w celu skontaktowania si\u0119 z osob\u0105 delegowan\u0105 ds. Ochrony danych i odpowiednim lokalnym przedstawicielem odpowiedzialnym za prywatno\u015b\u0107, mo\u017cesz: wys\u0142a\u0107 e-mail na nast\u0119puj\u0105cy adres: <a href=\"mailto:fundacion@doceteomnes.com\">fundacion@doceteomnes.com<\/a><\/p>\n<h3><a name=\"section12\"><\/a>12) Jak zarz\u0105dzamy zmianami w niniejszej Polityce?<\/h3>\n<p>Od czasu do czasu, poj\u0119cia zawarte w naszej Polityce mog\u0105 si\u0119 zmienia\u0107. B\u0119dziemy publikowa\u0107 ka\u017cd\u0105 zmian\u0119 za pomoc\u0105 niezb\u0119dnych powiadomie\u0144, na stronie internetowej lub kontaktuj\u0105c si\u0119 z wami za po\u015brednictwem odpowiednich kana\u0142\u00f3w.<\/p>\n<p>&nbsp;<\/p>\n","protected":false},"excerpt":{"rendered":"<p>Witaj w aplikacji stworzonej w ramach projektu &#8222;VIP Tech Job&#8221; przy wsp\u00f3\u0142pracy: Belgia (Views International), W\u0142ochy(Aforisma Toscana i Istituto Rittmeyer) oraz Hiszpania (Docete Omnes Foundation). Jeste\u015bmy szcz\u0119\u015bliwi, \u017ce mo\u017cemy z wami pracowa\u0107 i pomaga\u0107 w rozwoju waszej kariery. Zdajecie sobie pewnie spraw\u0119, \u017ce w celu zapewnienia wam odpowiednich us\u0142ug zbieramy i przechowujemy wasze dane. Strona &hellip; <a href=\"https:\/\/webapp.viptechjob.eu\/pl\/polityka-prywatnosci\/\" class=\"more-link\">Czytaj dalej<span class=\"screen-reader-text\"> \u201ePolityka Prywatno\u015bci\u201d<\/span><\/a><\/p>\n","protected":false},"author":1,"featured_media":0,"parent":0,"menu_order":0,"comment_status":"closed","ping_status":"closed","template":"","meta":[],"_links":{"self":[{"href":"https:\/\/webapp.viptechjob.eu\/pl\/wp-json\/wp\/v2\/pages\/3616"}],"collection":[{"href":"https:\/\/webapp.viptechjob.eu\/pl\/wp-json\/wp\/v2\/pages"}],"about":[{"href":"https:\/\/webapp.viptechjob.eu\/pl\/wp-json\/wp\/v2\/types\/page"}],"author":[{"embeddable":true,"href":"https:\/\/webapp.viptechjob.eu\/pl\/wp-json\/wp\/v2\/users\/1"}],"replies":[{"embeddable":true,"href":"https:\/\/webapp.viptechjob.eu\/pl\/wp-json\/wp\/v2\/comments?post=3616"}],"version-history":[{"count":3,"href":"https:\/\/webapp.viptechjob.eu\/pl\/wp-json\/wp\/v2\/pages\/3616\/revisions"}],"predecessor-version":[{"id":3620,"href":"https:\/\/webapp.viptechjob.eu\/pl\/wp-json\/wp\/v2\/pages\/3616\/revisions\/3620"}],"wp:attachment":[{"href":"https:\/\/webapp.viptechjob.eu\/pl\/wp-json\/wp\/v2\/media?parent=3616"}],"curies":[{"name":"wp","href":"https:\/\/api.w.org\/{rel}","templated":true}]}}