{"id":3518,"date":"2019-02-14T12:58:20","date_gmt":"2019-02-14T11:58:20","guid":{"rendered":"https:\/\/webapp.viptechjob.eu\/moje-konto-petenta\/zalacz-nowe-cv\/"},"modified":"2020-04-10T16:58:52","modified_gmt":"2020-04-10T15:58:52","slug":"zalacz-nowe-cv","status":"publish","type":"page","link":"https:\/\/webapp.viptechjob.eu\/pl\/moje-konto-petenta\/zalacz-nowe-cv\/","title":{"rendered":"Za\u0142\u0105cz nowe CV"},"content":{"rendered":"<p>Zanim rozpoczniesz, zalecamy Ci <a href=\"http:\/\/howto.viptechjob.eu\" target=\"_blank\" rel=\"noopener noreferrer\">sprawdzenie naszego darmowego kursu online<\/a>, mo\u017ce okaza\u0107 si\u0119 pomocny w przygotowaniu do rozmowy o prac\u0119 oraz zawiera r\u00f3wnie\u017c wiele porad, kt\u00f3re pozwol\u0105 CI lepiej zaprezentowa\u0107 si\u0119 przed pracodawc\u0105. Je\u015bli potrzebujesz pomocy w przygotowaniu CV, mo\u017cesz zapozna\u0107 si\u0119 z naszym darmowym kursem <a href=\"https:\/\/howto.viptechjob.eu\/course\/view.php?id=2\" target=\"_blank\" rel=\"noopener noreferrer\">&#8222;Jak stworzy\u0107 atrakcyjne CV&#8221;<\/a><\/p>\n\n","protected":false},"excerpt":{"rendered":"<p>Zanim rozpoczniesz, zalecamy Ci sprawdzenie naszego darmowego kursu online, mo\u017ce okaza\u0107 si\u0119 pomocny w przygotowaniu do rozmowy o prac\u0119 oraz zawiera r\u00f3wnie\u017c wiele porad, kt\u00f3re pozwol\u0105 CI lepiej zaprezentowa\u0107 si\u0119 przed pracodawc\u0105. Je\u015bli potrzebujesz pomocy w przygotowaniu CV, mo\u017cesz zapozna\u0107 si\u0119 z naszym darmowym kursem &#8222;Jak stworzy\u0107 atrakcyjne CV&#8221;<\/p>\n","protected":false},"author":1,"featured_media":0,"parent":3513,"menu_order":0,"comment_status":"closed","ping_status":"closed","template":"","meta":[],"_links":{"self":[{"href":"https:\/\/webapp.viptechjob.eu\/pl\/wp-json\/wp\/v2\/pages\/3518"}],"collection":[{"href":"https:\/\/webapp.viptechjob.eu\/pl\/wp-json\/wp\/v2\/pages"}],"about":[{"href":"https:\/\/webapp.viptechjob.eu\/pl\/wp-json\/wp\/v2\/types\/page"}],"author":[{"embeddable":true,"href":"https:\/\/webapp.viptechjob.eu\/pl\/wp-json\/wp\/v2\/users\/1"}],"replies":[{"embeddable":true,"href":"https:\/\/webapp.viptechjob.eu\/pl\/wp-json\/wp\/v2\/comments?post=3518"}],"version-history":[{"count":0,"href":"https:\/\/webapp.viptechjob.eu\/pl\/wp-json\/wp\/v2\/pages\/3518\/revisions"}],"up":[{"embeddable":true,"href":"https:\/\/webapp.viptechjob.eu\/pl\/wp-json\/wp\/v2\/pages\/3513"}],"wp:attachment":[{"href":"https:\/\/webapp.viptechjob.eu\/pl\/wp-json\/wp\/v2\/media?parent=3518"}],"curies":[{"name":"wp","href":"https:\/\/api.w.org\/{rel}","templated":true}]}}