{"id":3511,"date":"2019-02-19T09:37:56","date_gmt":"2019-02-19T08:37:56","guid":{"rendered":"https:\/\/webapp.viptechjob.eu\/stworz-swoje-konto-petenta\/"},"modified":"2019-02-19T09:37:56","modified_gmt":"2019-02-19T08:37:56","slug":"stworz-swoje-konto-petenta","status":"publish","type":"page","link":"https:\/\/webapp.viptechjob.eu\/pl\/stworz-swoje-konto-petenta\/","title":{"rendered":"Stw\u00f3rz swoje konto petenta"},"content":{"rendered":"Please, fill in the following form in order to create your applicant account. All the fields are required. You can change your details once you have logged in. By creating your account you agree with all the terms and conditions of our <a href=\"https:\/\/webapp.viptechjob.eu\/privacy-policy\/\">Privacy Policy<\/a>. Please, read it carefully. If you don't agree with them, please consider to use our tools without an account.\r\n<hr\/>\r\n<form  id=\"cred_user_form_62_1_1\" class=\"cred-user-form cred-keep-original\" action=\"\/pl\/wp-json\/wp\/v2\/pages\/3511?_tt=1775280810\" data-form=\"{&quot;form_id&quot;:&quot;cred_user_form_62_1_1&quot;,&quot;use_ajax&quot;:&quot;0&quot;,&quot;wpv_page&quot;:1}\" data-conditionals=\"[]\" method=\"post\">\r\n\t<div id=\"wpt-form-message-62\"\n\t\t\t              data-message-single=\"U\u017cytkownik nie zosta\u0142 zapisany z powodu nast\u0119puj\u0105cego problemu:\"\n\t\t\t              data-message-plural=\"U\u017cytkownik nie zosta\u0142 zapisany z nast\u0119puj\u0105cej przyczyny %NN problems:\"\n\t\t\t              style=\"display:none;\" class=\"wpt-top-form-error wpt-form-error wpt-form-error-wrapper alert alert-danger alert alert-warning\"><\/div>\r\n\t<div class=\"form-group\">\r\n\t\t<label>Full Name<\/label>\r\n\t\t<div class=\"js-wpt-field-items js-wpt-repetitive wpt-repetitive\" data-initial-conditional=\"\" data-item_name=\"textfield-nickname\">\r\n<input type=\"text\" id=\"cred_user_form_62_1_1_nickname\" name=\"nickname\" value=\"\" preset_value=\"\" urlparam=\"\" make_readonly=\"\" max_width=\"\" max_height=\"\" class=\"form-control wpt-form-textfield form-textfield textfield\" output=\"bootstrap\" placeholder=\"\" data-wpt-type=\"textfield\" data-wpt-id=\"cred_user_form_62_1_1_cred_user_form_62_1_1_nickname\" data-wpt-name=\"nickname\" \/>\r\n<\/div>\r\n      \t<label>Username<\/label>\r\n\t\t<div class=\"js-wpt-field-items js-wpt-repetitive wpt-repetitive\" data-initial-conditional=\"\" data-item_name=\"textfield-user_login\">\r\n<input type=\"text\" id=\"cred_user_form_62_1_1_user_login\" name=\"user_login\" value=\"\" preset_value=\"\" urlparam=\"\" make_readonly=\"\" max_width=\"\" max_height=\"\" class=\"form-control wpt-form-textfield form-textfield textfield\" output=\"bootstrap\" placeholder=\"\" data-wpt-validate=\"{&quot;username&quot;:{&quot;args&quot;:{&quot;1&quot;:true},&quot;message&quot;:&quot;Nazwa u\u017cytkownika mo\u017ce zawiera\u0107 tylko znaki alfanumeryczne, my\u015blniki oraz podkre\u015blenia&quot;},&quot;required&quot;:{&quot;args&quot;:{&quot;1&quot;:true},&quot;message&quot;:&quot;To pole jest wymagane&quot;}}\" data-wpt-field-title=\"Nazwa u\u017cytkownika \" data-parsley-required=\"true\" data-parsley-required-message=\"To pole jest wymagane\" data-parsley-credfilesize=\"2097152\" data-wpt-type=\"textfield\" data-wpt-id=\"cred_user_form_62_1_1_cred_user_form_62_1_1_user_login\" data-wpt-name=\"user_login\" \/>\r\n<\/div>\r\n\t\t<label>Password<\/label>\r\n\t\t<div class=\"js-wpt-field-items js-wpt-repetitive wpt-repetitive\" data-initial-conditional=\"\" data-item_name=\"password-user_pass\">\r\n<input type=\"password\" id=\"cred_user_form_62_1_1_user_pass\" name=\"user_pass\" value=\"\" preset_value=\"\" urlparam=\"\" make_readonly=\"\" max_width=\"\" max_height=\"\" class=\"form-control wpt-form-password form-password password\" output=\"bootstrap\" placeholder=\"\" data-wpt-validate=\"{&quot;required&quot;:{&quot;args&quot;:{&quot;1&quot;:true},&quot;message&quot;:&quot;To pole jest wymagane&quot;}}\" data-wpt-field-title=\"Has\u0142o\" data-parsley-required=\"true\" data-parsley-required-message=\"To pole jest wymagane\" data-parsley-credfilesize=\"2097152\" data-wpt-type=\"password\" data-wpt-id=\"cred_user_form_62_1_1_cred_user_form_62_1_1_user_pass\" data-wpt-name=\"user_pass\" \/>\r\n<\/div>\r\n      \t<label>Repeat the Password<\/label>\r\n\t\t<div class=\"js-wpt-field-items js-wpt-repetitive wpt-repetitive\" data-initial-conditional=\"\" data-item_name=\"password-user_pass2\">\r\n<input type=\"password\" id=\"cred_user_form_62_1_1_user_pass2\" name=\"user_pass2\" value=\"\" preset_value=\"\" urlparam=\"\" make_readonly=\"\" max_width=\"\" max_height=\"\" class=\"form-control wpt-form-password form-password password\" output=\"bootstrap\" placeholder=\"\" data-wpt-validate=\"{&quot;equalto&quot;:{&quot;args&quot;:{&quot;1&quot;:&quot;user_pass&quot;},&quot;message&quot;:&quot;Nieprawid\u0142owe has\u0142o&quot;}}\" data-wpt-field-title=\"Powt\u00f3rz has\u0142o\" data-wpt-type=\"password\" data-wpt-id=\"cred_user_form_62_1_1_cred_user_form_62_1_1_user_pass2\" data-wpt-name=\"user_pass2\" \/>\r\n<\/div>\r\n\t\t<label>Email<\/label>\r\n\t\t<div class=\"js-wpt-field-items js-wpt-repetitive wpt-repetitive\" data-initial-conditional=\"\" data-item_name=\"email-user_email\">\r\n<input type=\"text\" id=\"cred_user_form_62_1_1_user_email\" name=\"user_email\" value=\"\" preset_value=\"\" urlparam=\"\" make_readonly=\"\" max_width=\"\" max_height=\"\" class=\"form-control wpt-form-textfield form-textfield textfield\" output=\"bootstrap\" placeholder=\"\" data-wpt-validate=\"{&quot;email&quot;:{&quot;args&quot;:{&quot;1&quot;:true},&quot;message&quot;:&quot;Prosimy o u\u017cycie prawid\u0142owego adresu e-mail&quot;},&quot;required&quot;:{&quot;args&quot;:{&quot;1&quot;:true},&quot;message&quot;:&quot;To pole jest wymagane&quot;}}\" data-wpt-field-title=\"E-mail\" data-parsley-type=\"email\" data-parsley-error-message=\"Prosimy o u\u017cycie prawid\u0142owego adresu e-mail\" data-parsley-required=\"true\" data-parsley-required-message=\"To pole jest wymagane\" data-parsley-credfilesize=\"2097152\" data-wpt-type=\"textfield\" data-wpt-id=\"cred_user_form_62_1_1_cred_user_form_62_1_1_user_email\" data-wpt-name=\"user_email\" \/>\r\n<\/div>\r\n\t<\/div>\r\n\t<input type=\"submit\" id=\"cred_user_form_62_1_1_form_submit_1\" name=\"form_submit_1\" value=\"Prze\u015blij\" class=\"btn btn-primary btn-lg wpt-form-submit form-submit submit\" \/>\r\n<input type=\"hidden\" id=\"cred_user_form_62_1_1__cred_cred_prefix_cred_container_id\" name=\"_cred_cred_prefix_cred_container_id\" value=\"3511\" class=\"wpt-form-hidden form-hidden\" data-wpt-id=\"cred_user_form_62_1_1_cred_user_form_62_1_1__cred_cred_prefix_cred_container_id\" data-wpt-name=\"_cred_cred_prefix_cred_container_id\" \/><input type=\"hidden\" id=\"cred_user_form_62_1_1__cred_cred_prefix_form_id\" name=\"_cred_cred_prefix_form_id\" value=\"62\" class=\"wpt-form-hidden form-hidden\" data-wpt-id=\"cred_user_form_62_1_1_cred_user_form_62_1_1__cred_cred_prefix_form_id\" data-wpt-name=\"_cred_cred_prefix_form_id\" \/><input type=\"hidden\" id=\"cred_user_form_62_1_1__cred_cred_prefix_form_count\" name=\"_cred_cred_prefix_form_count\" value=\"1\" class=\"wpt-form-hidden form-hidden\" data-wpt-id=\"cred_user_form_62_1_1_cred_user_form_62_1_1__cred_cred_prefix_form_count\" data-wpt-name=\"_cred_cred_prefix_form_count\" \/><\/form>\n","protected":false},"excerpt":{"rendered":"","protected":false},"author":1,"featured_media":0,"parent":0,"menu_order":0,"comment_status":"closed","ping_status":"closed","template":"","meta":[],"_links":{"self":[{"href":"https:\/\/webapp.viptechjob.eu\/pl\/wp-json\/wp\/v2\/pages\/3511"}],"collection":[{"href":"https:\/\/webapp.viptechjob.eu\/pl\/wp-json\/wp\/v2\/pages"}],"about":[{"href":"https:\/\/webapp.viptechjob.eu\/pl\/wp-json\/wp\/v2\/types\/page"}],"author":[{"embeddable":true,"href":"https:\/\/webapp.viptechjob.eu\/pl\/wp-json\/wp\/v2\/users\/1"}],"replies":[{"embeddable":true,"href":"https:\/\/webapp.viptechjob.eu\/pl\/wp-json\/wp\/v2\/comments?post=3511"}],"version-history":[{"count":0,"href":"https:\/\/webapp.viptechjob.eu\/pl\/wp-json\/wp\/v2\/pages\/3511\/revisions"}],"wp:attachment":[{"href":"https:\/\/webapp.viptechjob.eu\/pl\/wp-json\/wp\/v2\/media?parent=3511"}],"curies":[{"name":"wp","href":"https:\/\/api.w.org\/{rel}","templated":true}]}}