{"id":3506,"date":"2019-04-22T18:37:19","date_gmt":"2019-04-22T17:37:19","guid":{"rendered":"https:\/\/webapp.viptechjob.eu\/zapomnialem-hasla\/"},"modified":"2020-04-10T16:46:28","modified_gmt":"2020-04-10T15:46:28","slug":"zapomnialem-hasla","status":"publish","type":"page","link":"https:\/\/webapp.viptechjob.eu\/pl\/zapomnialem-hasla\/","title":{"rendered":"Zapomnia\u0142em has\u0142a"},"content":{"rendered":"<p>Zgubi\u0142e\u015b swoje has\u0142o? NIe przejmuj si\u0119! <\/p>\n<p>Prosz\u0119, wprowad\u017a poni\u017cej swoj\u0105 nazw\u0119 u\u017cytkownika b\u0105d\u017a adres e-mail, a otrzymasz link do zmiany swojego has\u0142a na swoj\u0105 skrzynk\u0119 mail-ow\u0105.<\/p>\n\n\t\t<form class=\"wpv-form\" name=\"forgotpasswordform\" id=\"forgotpasswordform\" action=\"https:\/\/webapp.viptechjob.eu\/wp-login.php?action=lostpassword\" method=\"post\">\n\t\t\t<div class=\"wp-success\"><\/div>\n\t\t\t<p class=\"login-username\">\n\t\t\t\t<label for=\"user_login\">Username or Email<\/label>\n\t\t\t\t<input type=\"text\" name=\"user_login\" id=\"user_login\" class=\"input\" value=\"\" size=\"20\" \/>\n\t\t\t<\/p>\n\t\t\t\n\t\t\t<p class=\"login-submit\">\n\t\t\t\t<input type=\"submit\" name=\"wp-submit\" id=\"wp-submit\" class=\"button-primary\" value=\"Get New Password\" \/>\n\t\t\t\t<input type=\"hidden\" name=\"redirect_to\" value=\"https:\/\/webapp.viptechjob.eu\/pl\/wp-json\/wp\/v2\/pages\/3506\" \/>\n\t\t\t<\/p>\n\t\t\t<input type=\"hidden\" name=\"wpv_forgot_password_form\" value=\"on\"\/><input type=\"hidden\" name=\"wpv_forgot_password_form_redirect_on_fail\" value=\"https:\/\/webapp.viptechjob.eu\/pl\/wp-json\/wp\/v2\/pages\/3506\" \/><input type=\"hidden\" name=\"wpv_forgot_password_form_reset_password_url\" value=\"https:\/\/webapp.viptechjob.eu\/reset-password\/\" \/>\n\t\t<\/form>\n","protected":false},"excerpt":{"rendered":"<p>Zgubi\u0142e\u015b swoje has\u0142o? NIe przejmuj si\u0119! Prosz\u0119, wprowad\u017a poni\u017cej swoj\u0105 nazw\u0119 u\u017cytkownika b\u0105d\u017a adres e-mail, a otrzymasz link do zmiany swojego has\u0142a na swoj\u0105 skrzynk\u0119 mail-ow\u0105.<\/p>\n","protected":false},"author":1,"featured_media":0,"parent":0,"menu_order":0,"comment_status":"closed","ping_status":"closed","template":"","meta":[],"_links":{"self":[{"href":"https:\/\/webapp.viptechjob.eu\/pl\/wp-json\/wp\/v2\/pages\/3506"}],"collection":[{"href":"https:\/\/webapp.viptechjob.eu\/pl\/wp-json\/wp\/v2\/pages"}],"about":[{"href":"https:\/\/webapp.viptechjob.eu\/pl\/wp-json\/wp\/v2\/types\/page"}],"author":[{"embeddable":true,"href":"https:\/\/webapp.viptechjob.eu\/pl\/wp-json\/wp\/v2\/users\/1"}],"replies":[{"embeddable":true,"href":"https:\/\/webapp.viptechjob.eu\/pl\/wp-json\/wp\/v2\/comments?post=3506"}],"version-history":[{"count":1,"href":"https:\/\/webapp.viptechjob.eu\/pl\/wp-json\/wp\/v2\/pages\/3506\/revisions"}],"predecessor-version":[{"id":3507,"href":"https:\/\/webapp.viptechjob.eu\/pl\/wp-json\/wp\/v2\/pages\/3506\/revisions\/3507"}],"wp:attachment":[{"href":"https:\/\/webapp.viptechjob.eu\/pl\/wp-json\/wp\/v2\/media?parent=3506"}],"curies":[{"name":"wp","href":"https:\/\/api.w.org\/{rel}","templated":true}]}}