{"id":3504,"date":"2019-04-22T18:43:11","date_gmt":"2019-04-22T17:43:11","guid":{"rendered":"https:\/\/webapp.viptechjob.eu\/zresetuj-swoje-haslo\/"},"modified":"2020-04-10T16:40:52","modified_gmt":"2020-04-10T15:40:52","slug":"zresetuj-swoje-haslo","status":"publish","type":"page","link":"https:\/\/webapp.viptechjob.eu\/pl\/zresetuj-swoje-haslo\/","title":{"rendered":"Zresetuj swoje has\u0142o"},"content":{"rendered":"\n\t\t<form class=\"wpv-form\" name=\"resetpasswordform\" id=\"resetpasswordform\" action=\"https:\/\/webapp.viptechjob.eu\/wp-login.php?action=resetpass\" method=\"post\">\n\t\t\t<div class=\"wp-success\"><\/div><input type=\"hidden\" id=\"user_login\" name=\"rp_login\" value=\"\" \/><input type=\"hidden\" name=\"rp_key\" value=\"\" autocomplete=\"off\" \/>\n\t\t\t<p class=\"reset-pass\">\n\t\t\t\t<label for=\"pass1\">New password<\/label>\n\t\t\t\t<input type=\"password\" name=\"pass1\" id=\"pass1\" class=\"input\" value=\"\" size=\"20\" \/>\n\t\t\t<\/p>\n\t\t\t<p class=\"reset-pass\">\n\t\t\t\t<label for=\"pass2\">Repeat new password<\/label>\n\t\t\t\t<input type=\"password\" name=\"pass2\" id=\"pass2\" class=\"input\" value=\"\" size=\"20\" \/>\n\t\t\t<\/p>\n\n\t\t\t<p class=\"description\">Rada: has\u0142o powinno zawiera\u0107 przynajmniej dwana\u015bcie znak\u00f3w. Aby by\u0142o silniejsze, u\u017cyj ma\u0142ych i wielkich liter, cyfr oraz znak\u00f3w takich jak: ! \" ? $ % ^ &amp; ).<\/p>\n\t\t\t\n\t\t\t<p class=\"login-submit\">\n\t\t\t\t<input type=\"submit\" name=\"wp-submit\" id=\"wp-submit\" class=\"button-primary\" value=\"Reset Password\" \/>\n\t\t\t\t<input type=\"hidden\" name=\"redirect_to\" value=\"https:\/\/webapp.viptechjob.eu\" \/>\n\t\t\t<\/p>\n\t\t\t<input type=\"hidden\" name=\"wpv_reset_password_form\" value=\"on\"\/><input type=\"hidden\" name=\"wpv_reset_password_form_redirect_on_fail\" value=\"https:\/\/webapp.viptechjob.eu\/pl\/wp-json\/wp\/v2\/pages\/3504\" \/>\n\t\t<\/form>\n","protected":false},"excerpt":{"rendered":"","protected":false},"author":1,"featured_media":0,"parent":0,"menu_order":0,"comment_status":"closed","ping_status":"closed","template":"","meta":[],"_links":{"self":[{"href":"https:\/\/webapp.viptechjob.eu\/pl\/wp-json\/wp\/v2\/pages\/3504"}],"collection":[{"href":"https:\/\/webapp.viptechjob.eu\/pl\/wp-json\/wp\/v2\/pages"}],"about":[{"href":"https:\/\/webapp.viptechjob.eu\/pl\/wp-json\/wp\/v2\/types\/page"}],"author":[{"embeddable":true,"href":"https:\/\/webapp.viptechjob.eu\/pl\/wp-json\/wp\/v2\/users\/1"}],"replies":[{"embeddable":true,"href":"https:\/\/webapp.viptechjob.eu\/pl\/wp-json\/wp\/v2\/comments?post=3504"}],"version-history":[{"count":1,"href":"https:\/\/webapp.viptechjob.eu\/pl\/wp-json\/wp\/v2\/pages\/3504\/revisions"}],"predecessor-version":[{"id":3505,"href":"https:\/\/webapp.viptechjob.eu\/pl\/wp-json\/wp\/v2\/pages\/3504\/revisions\/3505"}],"wp:attachment":[{"href":"https:\/\/webapp.viptechjob.eu\/pl\/wp-json\/wp\/v2\/media?parent=3504"}],"curies":[{"name":"wp","href":"https:\/\/api.w.org\/{rel}","templated":true}]}}