{"id":3497,"date":"2019-06-06T09:00:53","date_gmt":"2019-06-06T08:00:53","guid":{"rendered":"https:\/\/webapp.viptechjob.eu\/stworz-nowe-konto-firmy-lub-oddzialu\/"},"modified":"2019-06-06T09:00:53","modified_gmt":"2019-06-06T08:00:53","slug":"stworz-nowe-konto-firmy-lub-oddzialu","status":"publish","type":"page","link":"https:\/\/webapp.viptechjob.eu\/pl\/moje-konto-firmowe\/stworz-nowe-konto-firmy-lub-oddzialu\/","title":{"rendered":"Stw\u00f3rz nowe konto firmy lub oddzia\u0142u"},"content":{"rendered":"<p>Mo\u017cesz u\u017cy\u0107 swojego konta do dodania informacji na temat jednej lub kilku firm i\/oraz oddzia\u0142\u00f3w W ten spos\u00f3b mo\u017cesz podzieli\u0107 swoje oferty pracy na r\u00f3\u017cne firmy oraz oddzia\u0142y, co za tym idzie mo\u017cesz poda\u0107 wi\u0119cej detali tak aby jak najlepiej sprecyzowa\u0107 profil poszukiwanego przez Ciebie pracownika.<\/p>\n\n","protected":false},"excerpt":{"rendered":"<p>Mo\u017cesz u\u017cy\u0107 swojego konta do dodania informacji na temat jednej lub kilku firm i\/oraz oddzia\u0142\u00f3w W ten spos\u00f3b mo\u017cesz podzieli\u0107 swoje oferty pracy na r\u00f3\u017cne firmy oraz oddzia\u0142y, co za tym idzie mo\u017cesz poda\u0107 wi\u0119cej detali tak aby jak najlepiej sprecyzowa\u0107 profil poszukiwanego przez Ciebie pracownika.<\/p>\n","protected":false},"author":1,"featured_media":0,"parent":3502,"menu_order":0,"comment_status":"closed","ping_status":"closed","template":"","meta":[],"_links":{"self":[{"href":"https:\/\/webapp.viptechjob.eu\/pl\/wp-json\/wp\/v2\/pages\/3497"}],"collection":[{"href":"https:\/\/webapp.viptechjob.eu\/pl\/wp-json\/wp\/v2\/pages"}],"about":[{"href":"https:\/\/webapp.viptechjob.eu\/pl\/wp-json\/wp\/v2\/types\/page"}],"author":[{"embeddable":true,"href":"https:\/\/webapp.viptechjob.eu\/pl\/wp-json\/wp\/v2\/users\/1"}],"replies":[{"embeddable":true,"href":"https:\/\/webapp.viptechjob.eu\/pl\/wp-json\/wp\/v2\/comments?post=3497"}],"version-history":[{"count":0,"href":"https:\/\/webapp.viptechjob.eu\/pl\/wp-json\/wp\/v2\/pages\/3497\/revisions"}],"up":[{"embeddable":true,"href":"https:\/\/webapp.viptechjob.eu\/pl\/wp-json\/wp\/v2\/pages\/3502"}],"wp:attachment":[{"href":"https:\/\/webapp.viptechjob.eu\/pl\/wp-json\/wp\/v2\/media?parent=3497"}],"curies":[{"name":"wp","href":"https:\/\/api.w.org\/{rel}","templated":true}]}}