{"id":3433,"date":"2019-07-09T12:55:11","date_gmt":"2019-07-09T11:55:11","guid":{"rendered":"https:\/\/webapp.viptechjob.eu\/strona-glowna\/"},"modified":"2021-11-30T14:10:45","modified_gmt":"2021-11-30T13:10:45","slug":"strona-glowna","status":"publish","type":"page","link":"https:\/\/webapp.viptechjob.eu\/pl\/","title":{"rendered":"Strona g\u0142\u00f3wna"},"content":{"rendered":"<h2>Witaj w aplikacji projektu VIP Tech Job!<\/h2>\n<p> Jestem \u015bwiadomi tego, \u017ce nie jest prostym znalezienie stron oraz narz\u0119dzi, specjalnie dostosowanych dla os\u00f3b niewidomych oraz s\u0142abowidz\u0105cych w internecie s\u0142u\u017c\u0105cych poszukiwaniu pracy. Nawet w artyku\u0142ach pisanych przez osoby pracuj\u0105ce dla organizacji pomagaj\u0105cych osobom niewidomych oraz s\u0142abowidz\u0105cym, odnosz\u0105 si\u0119 one w wi\u0119kszo\u015bci w spos\u00f3b og\u00f3lny do aplikacji oraz stron internetowych. Ta aplikacja umo\u017cliwi u\u017cytkownikom dzielenie si\u0119 oraz przegl\u0105danie zawarto\u015bci dotycz\u0105cej ofert pracy w formie specjalnie dostosowanej dla os\u00f3b niewidomych oraz s\u0142abowidz\u0105cych. Poza tym, osoby niewidome oraz s\u0142abowidz\u0105ce mog\u0105 udost\u0119pnia\u0107 oferty pracy, kt\u00f3re uznaj\u0105 za interesuj\u0105ce dla reszty tej spo\u0142eczno\u015bci. Oczywi\u015bcie, mo\u017cliwe jest r\u00f3wnie\u017c w prosty i szybki spos\u00f3b aplikowanie o prac\u0119. Kliknij tutaj, aby <a href=\"https:\/\/webapp.viptechjob.eu\/pl\/stworz-swoje-konto-petenta\/\">stworzy\u0107 w\u0142asne konto<\/a> i uzyska\u0107 dost\u0119p do ca\u0142ej zawarto\u015bci oraz wszystkich ofert pracy wewn\u0105trz naszej aplikacji. Zapraszamy przedsi\u0119biorstwa do publikowania swoich ofert pracy, otrzymywania poda\u0144 oraz wybierania najlepszych kandydat\u00f3w z po\u015br\u00f3d CV za\u0142\u0105czonych przez naszych u\u017cytkownik\u00f3w. Kliknij tutaj, aby <a href=\"https:\/\/webapp.viptechjob.eu\/pl\/stworz-konto-dla-swojej-firmy\/\">stworzy\u0107 konto swojej firmy<\/a> i uzyska\u0107 dost\u0119p do tych funkcji. Mamy r\u00f3wnie\u017c rozwinient\u0105 <a href=\"https:\/\/howto.viptechjob.eu\" target=\"_blank\" rel=\"noopener noreferrer\">darmow\u0105 internetow\u0105 platform\u0119 treningow\u0105<\/a>, kt\u00f3rej celem jest pr\u00f3ba pomocy VIP (ang. Visually Impaired People- osoby z dysfunkcjami wzroku) w lepszym pos\u0142ugiwaniu si\u0119 narz\u0119dziami dost\u0119pnymi w internecie oraz jak przygotowa\u0107 si\u0119 w odpowiedni spos\u00f3b na rozmow\u0119 o prac\u0119. Platforma jest darmowa i zawiera wa\u017cne informacje dotycz\u0105ce ustawodawstwa, dost\u0119pnych zawarto\u015bci i wiele wi\u0119cej w UE oraz w szczeg\u00f3lno\u015bci, w pa\u0144stwach cz\u0142onk\u00f3w projektu: Belgia (<a href=\"http:\/\/www.viewsinternational.eu\/\" target=\"_blank\" rel=\"noopener noreferrer\">VIEWS International<\/a>), W\u0142ochy (<a href=\"http:\/\/www.aforismatoscana.net\/\" target=\"_blank\" rel=\"noopener noreferrer\">Aforisma Toscana<\/a> i<a href=\"https:\/\/www.istitutorittmeyer.it\/\" target=\"_blank\" rel=\"noopener noreferrer\">Istituto Rittmeyer<\/a>) oraz Hiszpania (<a href=\"http:\/\/www.doceteomnes.com\" target=\"_blank\" rel=\"noopener noreferrer\">Docete Omnes Foundation<\/a>).<\/p>\n","protected":false},"excerpt":{"rendered":"","protected":false},"author":1,"featured_media":0,"parent":0,"menu_order":0,"comment_status":"closed","ping_status":"closed","template":"","meta":[],"_links":{"self":[{"href":"https:\/\/webapp.viptechjob.eu\/pl\/wp-json\/wp\/v2\/pages\/3433"}],"collection":[{"href":"https:\/\/webapp.viptechjob.eu\/pl\/wp-json\/wp\/v2\/pages"}],"about":[{"href":"https:\/\/webapp.viptechjob.eu\/pl\/wp-json\/wp\/v2\/types\/page"}],"author":[{"embeddable":true,"href":"https:\/\/webapp.viptechjob.eu\/pl\/wp-json\/wp\/v2\/users\/1"}],"replies":[{"embeddable":true,"href":"https:\/\/webapp.viptechjob.eu\/pl\/wp-json\/wp\/v2\/comments?post=3433"}],"version-history":[{"count":2,"href":"https:\/\/webapp.viptechjob.eu\/pl\/wp-json\/wp\/v2\/pages\/3433\/revisions"}],"predecessor-version":[{"id":15851,"href":"https:\/\/webapp.viptechjob.eu\/pl\/wp-json\/wp\/v2\/pages\/3433\/revisions\/15851"}],"wp:attachment":[{"href":"https:\/\/webapp.viptechjob.eu\/pl\/wp-json\/wp\/v2\/media?parent=3433"}],"curies":[{"name":"wp","href":"https:\/\/api.w.org\/{rel}","templated":true}]}}