{"id":3235,"date":"2019-06-18T19:05:07","date_gmt":"2019-06-18T18:05:07","guid":{"rendered":"https:\/\/webapp.viptechjob.eu\/szukaj-pracy\/"},"modified":"2019-06-18T19:05:07","modified_gmt":"2019-06-18T18:05:07","slug":"szukaj-pracy","status":"publish","type":"page","link":"https:\/\/webapp.viptechjob.eu\/pl\/szukaj-pracy\/","title":{"rendered":"Szukaj pracy"},"content":{"rendered":"<form autocomplete=\"off\" name=\"wpv-filter-263\" action=\"\/pl\/wp-json\/wp\/v2\/pages\/3235?wpv_view_count=263\" method=\"get\" class=\"wpv-filter-form js-wpv-filter-form js-wpv-filter-form-263 js-wpv-form-full\" data-viewnumber=\"263\" data-viewid=\"263\" data-viewhash=\"eyJuYW1lIjoiam9iLW9mZmVycy1zZWFyY2gifQ==\" data-viewwidgetid=\"0\" data-orderby=\"\" data-order=\"\" data-orderbyas=\"\" data-orderbysecond=\"\" data-ordersecond=\"\" data-parametric=\"{&quot;query&quot;:&quot;normal&quot;,&quot;id&quot;:263,&quot;view_id&quot;:263,&quot;widget_id&quot;:0,&quot;view_hash&quot;:&quot;263&quot;,&quot;action&quot;:&quot;\\\/pl\\\/wp-json\\\/wp\\\/v2\\\/pages\\\/3235?wpv_view_count=263&quot;,&quot;sort&quot;:{&quot;orderby&quot;:&quot;&quot;,&quot;order&quot;:&quot;&quot;,&quot;orderby_as&quot;:&quot;&quot;,&quot;orderby_second&quot;:&quot;&quot;,&quot;order_second&quot;:&quot;&quot;},&quot;orderby&quot;:&quot;&quot;,&quot;order&quot;:&quot;&quot;,&quot;orderby_as&quot;:&quot;&quot;,&quot;orderby_second&quot;:&quot;&quot;,&quot;order_second&quot;:&quot;&quot;,&quot;ajax_form&quot;:&quot;&quot;,&quot;ajax_results&quot;:&quot;&quot;,&quot;effect&quot;:&quot;fade&quot;,&quot;prebefore&quot;:&quot;&quot;,&quot;before&quot;:&quot;&quot;,&quot;after&quot;:&quot;&quot;,&quot;attributes&quot;:[],&quot;environment&quot;:{&quot;current_post_id&quot;:3235,&quot;parent_post_id&quot;:3235,&quot;parent_term_id&quot;:0,&quot;parent_user_id&quot;:0,&quot;archive&quot;:{&quot;type&quot;:&quot;&quot;,&quot;name&quot;:&quot;&quot;,&quot;data&quot;:[]}},&quot;loop&quot;:{&quot;type&quot;:&quot;&quot;,&quot;name&quot;:&quot;&quot;,&quot;data&quot;:[],&quot;id&quot;:0}}\" data-attributes=\"[]\" data-environment=\"{&quot;current_post_id&quot;:3235,&quot;parent_post_id&quot;:3235,&quot;parent_term_id&quot;:0,&quot;parent_user_id&quot;:0,&quot;archive&quot;:{&quot;type&quot;:&quot;&quot;,&quot;name&quot;:&quot;&quot;,&quot;data&quot;:[]}}\"><input type=\"hidden\" class=\"js-wpv-dps-filter-data js-wpv-filter-data-for-this-form\" data-action=\"\/pl\/wp-json\/wp\/v2\/pages\/3235?wpv_view_count=263\" data-page=\"1\" data-ajax=\"disable\" data-effect=\"fade\" data-maxpages=\"3\" data-ajaxprebefore=\"\" data-ajaxbefore=\"\" data-ajaxafter=\"\" \/><input class=\"wpv_view_count wpv_view_count-263\" type=\"hidden\" name=\"wpv_view_count\" value=\"263\" \/>\n\n<select name=\"wpv_sort_orderby\" class=\"wpv-sort-control-select wpv-sort-control-orderby js-wpv-sort-control-orderby\" data-viewnumber=\"263\" autocomplete=\"off\"><option value=\"post_date\"  selected='selected' data-orderbyas=\"string\" data-forceorder=\"desc\">Data publikacji <\/option><option value=\"post_author\"  data-orderbyas=\"string\" data-forceorder=\"asc\">Autor publikacji<\/option><\/select><select name=\"wpv_sort_order\" class=\"wpv-sort-control-select wpv-sort-control-order js-wpv-sort-control-order\" data-viewnumber=\"263\" data-labels=\"{&quot;default&quot;:{&quot;asc&quot;:&quot;Rosn\\u0105co&quot;,&quot;desc&quot;:&quot;Malej\\u0105co&quot;},&quot;post_date&quot;:{&quot;asc&quot;:&quot;Od najstarszych&quot;,&quot;desc&quot;:&quot;Od najnowszych&quot;},&quot;post_author&quot;:{&quot;asc&quot;:&quot;Od A do Z&quot;,&quot;desc&quot;:&quot;Od Z do A&quot;}}\" autocomplete=\"off\"><option value=\"desc\"  selected='selected'>Od najnowszych<\/option><option value=\"asc\" >Od najstarszych<\/option><\/select>\n<div class=\"form-group\">\n\t<input type=\"text\" name=\"wpv_post_search\"  class=\"js-wpv-filter-trigger-delayed form-control\" placeholder=\"Wpisz tutaj tekst, kt\u00f3ry chcesz wyszuka\u0107 w\u015br\u00f3d istniej\u0105cych ofert pracy\" \/>\n<\/div>\n<input type=\"submit\" class=\"wpv-submit-trigger js-wpv-submit-trigger btn\" name=\"wpv_filter_submit\" value=\"Prze\u015blij\" \/>&nbsp;<input type=\"button\" class=\"wpv-reset-trigger js-wpv-reset-trigger btn\" name=\"wpv_filter_reset\" value=\"Resetuj\" \/>\n\n<\/form>\n<h3>Search results<\/h3><hr\/>\n<div id=\"wpv-view-layout-263\" class=\"js-wpv-view-layout js-wpv-layout-responsive js-wpv-view-layout-263\" data-viewnumber=\"263\" data-pagination=\"{&quot;id&quot;:263,&quot;query&quot;:&quot;normal&quot;,&quot;type&quot;:&quot;paged&quot;,&quot;effect&quot;:&quot;fade&quot;,&quot;duration&quot;:500,&quot;speed&quot;:5,&quot;pause_on_hover&quot;:&quot;disabled&quot;,&quot;stop_rollover&quot;:&quot;false&quot;,&quot;cache_pages&quot;:&quot;enabled&quot;,&quot;preload_images&quot;:&quot;enabled&quot;,&quot;preload_pages&quot;:&quot;enabled&quot;,&quot;preload_reach&quot;:1,&quot;spinner&quot;:&quot;builtin&quot;,&quot;spinner_image&quot;:&quot;https:\/\/webapp.viptechjob.eu\/wp-content\/plugins\/wp-views\/embedded\/res\/img\/ajax-loader.gif&quot;,&quot;callback_next&quot;:&quot;&quot;,&quot;manage_history&quot;:&quot;enabled&quot;,&quot;has_controls_in_form&quot;:&quot;disabled&quot;,&quot;infinite_tolerance&quot;:0,&quot;max_pages&quot;:3,&quot;page&quot;:1,&quot;base_permalink&quot;:&quot;\/pl\/wp-json\/wp\/v2\/pages\/3235?wpv_view_count=263&amp;wpv_paged=WPV_PAGE_NUM&quot;,&quot;loop&quot;:{&quot;type&quot;:&quot;&quot;,&quot;name&quot;:&quot;&quot;,&quot;data&quot;:[],&quot;id&quot;:0}}\" data-permalink=\"\/pl\/wp-json\/wp\/v2\/pages\/3235?wpv_view_count=263\">\n\n\t\n\t\n\t<ul class=\"wpv-loop js-wpv-loop\">\n\t\t\n\t\t\t<li><h4><a href=\"https:\/\/webapp.viptechjob.eu\/pl\/job-offer\/senior-document-management-officer\/\">Senior Document Management Officer<\/a><\/h4>\n<p><strong>Published on:<\/strong> 29\/04\/2026<\/p>\n<p><strong>Published by:<\/strong> <a href=\"https:\/\/webapp.viptechjob.eu\/pl\/author\/viptj-aggregator\/\">VIPTJ-Aggregator<\/a><\/p>\n<p><strong>Function:<\/strong> Senior Document Management Officer<\/p>\n<p><strong>Country:<\/strong> Luxembourg<\/p>\n<p><strong>City:<\/strong> Luxembourg<\/p>\n<p><strong>Categories:<\/strong> <\/p><\/li>\n\t\t\n\t\t\t<li><h4><a href=\"https:\/\/webapp.viptechjob.eu\/pl\/job-offer\/seconded-national-expert-sne-2\/\">Seconded National Expert (SNE)<\/a><\/h4>\n<p><strong>Published on:<\/strong> 29\/04\/2026<\/p>\n<p><strong>Published by:<\/strong> <a href=\"https:\/\/webapp.viptechjob.eu\/pl\/author\/viptj-aggregator\/\">VIPTJ-Aggregator<\/a><\/p>\n<p><strong>Function:<\/strong> Seconded National Expert (SNE)<\/p>\n<p><strong>Country:<\/strong> Poland<\/p>\n<p><strong>City:<\/strong> Warsaw<\/p>\n<p><strong>Categories:<\/strong> <\/p><\/li>\n\t\t\n\t\t\t<li><h4><a href=\"https:\/\/webapp.viptechjob.eu\/pl\/job-offer\/cybersecurity-expert\/\">Cybersecurity expert<\/a><\/h4>\n<p><strong>Published on:<\/strong> 29\/04\/2026<\/p>\n<p><strong>Published by:<\/strong> <a href=\"https:\/\/webapp.viptechjob.eu\/pl\/author\/viptj-aggregator\/\">VIPTJ-Aggregator<\/a><\/p>\n<p><strong>Function:<\/strong> Cybersecurity expert<\/p>\n<p><strong>Country:<\/strong> Greece<\/p>\n<p><strong>City:<\/strong> Athens<\/p>\n<p><strong>Categories:<\/strong> <\/p><\/li>\n\t\t\n\t\t\t<li><h4><a href=\"https:\/\/webapp.viptechjob.eu\/pl\/job-offer\/legal-officer-6\/\">Legal Officer<\/a><\/h4>\n<p><strong>Published on:<\/strong> 29\/04\/2026<\/p>\n<p><strong>Published by:<\/strong> <a href=\"https:\/\/webapp.viptechjob.eu\/pl\/author\/viptj-aggregator\/\">VIPTJ-Aggregator<\/a><\/p>\n<p><strong>Function:<\/strong> Legal Officer<\/p>\n<p><strong>Country:<\/strong> <\/p>\n<p><strong>City:<\/strong> Several locations in Europe<\/p>\n<p><strong>Categories:<\/strong> <\/p><\/li>\n\t\t\n\t\t\t<li><h4><a href=\"https:\/\/webapp.viptechjob.eu\/pl\/job-offer\/legal-officer-2\/\">Legal Officer<\/a><\/h4>\n<p><strong>Published on:<\/strong> 29\/04\/2026<\/p>\n<p><strong>Published by:<\/strong> <a href=\"https:\/\/webapp.viptechjob.eu\/pl\/author\/viptj-aggregator\/\">VIPTJ-Aggregator<\/a><\/p>\n<p><strong>Function:<\/strong> Legal Officer<\/p>\n<p><strong>Country:<\/strong> <\/p>\n<p><strong>City:<\/strong> Several locations in Europe<\/p>\n<p><strong>Categories:<\/strong> <\/p><\/li>\n\t\t\n\t\t\t<li><h4><a href=\"https:\/\/webapp.viptechjob.eu\/pl\/job-offer\/legal-officer-3\/\">Legal Officer<\/a><\/h4>\n<p><strong>Published on:<\/strong> 29\/04\/2026<\/p>\n<p><strong>Published by:<\/strong> <a href=\"https:\/\/webapp.viptechjob.eu\/pl\/author\/viptj-aggregator\/\">VIPTJ-Aggregator<\/a><\/p>\n<p><strong>Function:<\/strong> Legal Officer<\/p>\n<p><strong>Country:<\/strong> <\/p>\n<p><strong>City:<\/strong> Several locations in Europe<\/p>\n<p><strong>Categories:<\/strong> <\/p><\/li>\n\t\t\n\t\t\t<li><h4><a href=\"https:\/\/webapp.viptechjob.eu\/pl\/job-offer\/legal-officer-4\/\">Legal Officer<\/a><\/h4>\n<p><strong>Published on:<\/strong> 29\/04\/2026<\/p>\n<p><strong>Published by:<\/strong> <a href=\"https:\/\/webapp.viptechjob.eu\/pl\/author\/viptj-aggregator\/\">VIPTJ-Aggregator<\/a><\/p>\n<p><strong>Function:<\/strong> Legal Officer<\/p>\n<p><strong>Country:<\/strong> <\/p>\n<p><strong>City:<\/strong> Several locations in Europe<\/p>\n<p><strong>Categories:<\/strong> <\/p><\/li>\n\t\t\n\t\t\t<li><h4><a href=\"https:\/\/webapp.viptechjob.eu\/pl\/job-offer\/legal-officer-5\/\">Legal Officer<\/a><\/h4>\n<p><strong>Published on:<\/strong> 29\/04\/2026<\/p>\n<p><strong>Published by:<\/strong> <a href=\"https:\/\/webapp.viptechjob.eu\/pl\/author\/viptj-aggregator\/\">VIPTJ-Aggregator<\/a><\/p>\n<p><strong>Function:<\/strong> Legal Officer<\/p>\n<p><strong>Country:<\/strong> <\/p>\n<p><strong>City:<\/strong> Several locations in Europe<\/p>\n<p><strong>Categories:<\/strong> <\/p><\/li>\n\t\t\n\t\t\t<li><h4><a href=\"https:\/\/webapp.viptechjob.eu\/pl\/job-offer\/hr-support-officer\/\">HR Support Officer<\/a><\/h4>\n<p><strong>Published on:<\/strong> 29\/04\/2026<\/p>\n<p><strong>Published by:<\/strong> <a href=\"https:\/\/webapp.viptechjob.eu\/pl\/author\/viptj-aggregator\/\">VIPTJ-Aggregator<\/a><\/p>\n<p><strong>Function:<\/strong> HR Support Officer<\/p>\n<p><strong>Country:<\/strong> Portugal<\/p>\n<p><strong>City:<\/strong> Lisbon<\/p>\n<p><strong>Categories:<\/strong> <\/p><\/li>\n\t\t\n\t\t\t<li><h4><a href=\"https:\/\/webapp.viptechjob.eu\/pl\/job-offer\/legal-officer\/\">Legal Officer<\/a><\/h4>\n<p><strong>Published on:<\/strong> 29\/04\/2026<\/p>\n<p><strong>Published by:<\/strong> <a href=\"https:\/\/webapp.viptechjob.eu\/pl\/author\/viptj-aggregator\/\">VIPTJ-Aggregator<\/a><\/p>\n<p><strong>Function:<\/strong> Legal Officer<\/p>\n<p><strong>Country:<\/strong> <\/p>\n<p><strong>City:<\/strong> Several locations in Europe<\/p>\n<p><strong>Categories:<\/strong> <\/p><\/li>\n\t\t\n\t<\/ul>\n\t\n\t\n\t\n\t<hr>\n\tShowing page number 1 of 3<ul class=\"wpv-pagination-nav-links-container js-wpv-pagination-nav-links-container pagination\"><li class=\"wpv-pagination-nav-links-item js-wpv-pagination-nav-links-item page-item wpv-page-link-263-1 js-wpv-page-link-263-1 wpv_page_current wpv-pagination-nav-links-item-current active\"><span class=\"wpv-filter-pagination-link page-link\">1<\/span><\/li><li class=\"wpv-pagination-nav-links-item js-wpv-pagination-nav-links-item page-item wpv-page-link-263-2 js-wpv-page-link-263-2\"><a class=\"wpv-filter-pagination-link js-wpv-pagination-link page-link\" title=\"2\" href=\"\/pl\/wp-json\/wp\/v2\/pages\/3235?wpv_view_count=263&#038;wpv_paged=2\" data-viewnumber=\"263\" data-page=\"2\">2<\/a><\/li><li class=\"wpv-pagination-nav-links-item js-wpv-pagination-nav-links-item page-item wpv-page-link-263-3 js-wpv-page-link-263-3\"><a class=\"wpv-filter-pagination-link js-wpv-pagination-link page-link\" title=\"3\" href=\"\/pl\/wp-json\/wp\/v2\/pages\/3235?wpv_view_count=263&#038;wpv_paged=3\" data-viewnumber=\"263\" data-page=\"3\">3<\/a><\/li><\/ul>\n<\/div>\n\n","protected":false},"excerpt":{"rendered":"","protected":false},"author":1,"featured_media":0,"parent":0,"menu_order":0,"comment_status":"closed","ping_status":"closed","template":"","meta":[],"_links":{"self":[{"href":"https:\/\/webapp.viptechjob.eu\/pl\/wp-json\/wp\/v2\/pages\/3235"}],"collection":[{"href":"https:\/\/webapp.viptechjob.eu\/pl\/wp-json\/wp\/v2\/pages"}],"about":[{"href":"https:\/\/webapp.viptechjob.eu\/pl\/wp-json\/wp\/v2\/types\/page"}],"author":[{"embeddable":true,"href":"https:\/\/webapp.viptechjob.eu\/pl\/wp-json\/wp\/v2\/users\/1"}],"replies":[{"embeddable":true,"href":"https:\/\/webapp.viptechjob.eu\/pl\/wp-json\/wp\/v2\/comments?post=3235"}],"version-history":[{"count":0,"href":"https:\/\/webapp.viptechjob.eu\/pl\/wp-json\/wp\/v2\/pages\/3235\/revisions"}],"wp:attachment":[{"href":"https:\/\/webapp.viptechjob.eu\/pl\/wp-json\/wp\/v2\/media?parent=3235"}],"curies":[{"name":"wp","href":"https:\/\/api.w.org\/{rel}","templated":true}]}}