{"id":1709,"date":"2019-06-06T09:00:53","date_gmt":"2019-06-06T08:00:53","guid":{"rendered":"https:\/\/webapp.viptechjob.eu\/mon-compte-entreprise\/creer-une-nouvelle-entreprise-ou-secteur\/"},"modified":"2020-01-14T09:50:08","modified_gmt":"2020-01-14T08:50:08","slug":"creer-une-nouvelle-entreprise-ou-secteur","status":"publish","type":"page","link":"https:\/\/webapp.viptechjob.eu\/fr\/mon-compte-entreprise\/creer-une-nouvelle-entreprise-ou-secteur\/","title":{"rendered":"Cr\u00e9er une nouvelle entreprise ou secteur"},"content":{"rendered":"<p>Vous pouvez utiliser votre compte pour t\u00e9l\u00e9charger des donn\u00e9es d&rsquo;une ou plusieurs entreprise(s)\/secteur(s) De cette fa\u00e7on vous pouvez partager vos offres d&#8217;emploi parmi plusieurs entreprises, secteurs ou d\u00e9partements, avec diff\u00e9rents d\u00e9tails et personnes de contact ainsi que diff\u00e9rentes demandes en tant que demandeur d&#8217;emploi.<\/p>\n\n","protected":false},"excerpt":{"rendered":"<p>Vous pouvez utiliser votre compte pour t\u00e9l\u00e9charger des donn\u00e9es d&rsquo;une ou plusieurs entreprise(s)\/secteur(s) De cette fa\u00e7on vous pouvez partager vos offres d&#8217;emploi parmi plusieurs entreprises, secteurs ou d\u00e9partements, avec diff\u00e9rents d\u00e9tails et personnes de contact ainsi que diff\u00e9rentes demandes en tant que demandeur d&#8217;emploi.<\/p>\n","protected":false},"author":1,"featured_media":0,"parent":1677,"menu_order":0,"comment_status":"closed","ping_status":"closed","template":"","meta":[],"_links":{"self":[{"href":"https:\/\/webapp.viptechjob.eu\/fr\/wp-json\/wp\/v2\/pages\/1709"}],"collection":[{"href":"https:\/\/webapp.viptechjob.eu\/fr\/wp-json\/wp\/v2\/pages"}],"about":[{"href":"https:\/\/webapp.viptechjob.eu\/fr\/wp-json\/wp\/v2\/types\/page"}],"author":[{"embeddable":true,"href":"https:\/\/webapp.viptechjob.eu\/fr\/wp-json\/wp\/v2\/users\/1"}],"replies":[{"embeddable":true,"href":"https:\/\/webapp.viptechjob.eu\/fr\/wp-json\/wp\/v2\/comments?post=1709"}],"version-history":[{"count":0,"href":"https:\/\/webapp.viptechjob.eu\/fr\/wp-json\/wp\/v2\/pages\/1709\/revisions"}],"up":[{"embeddable":true,"href":"https:\/\/webapp.viptechjob.eu\/fr\/wp-json\/wp\/v2\/pages\/1677"}],"wp:attachment":[{"href":"https:\/\/webapp.viptechjob.eu\/fr\/wp-json\/wp\/v2\/media?parent=1709"}],"curies":[{"name":"wp","href":"https:\/\/api.w.org\/{rel}","templated":true}]}}