{"id":1685,"date":"2019-07-03T17:42:45","date_gmt":"2019-07-03T16:42:45","guid":{"rendered":"https:\/\/webapp.viptechjob.eu\/mon-compte-entreprise\/ma-liste-doffres-demploi-2\/"},"modified":"2020-01-21T12:44:45","modified_gmt":"2020-01-21T11:44:45","slug":"ma-liste-doffres-demploi","status":"publish","type":"page","link":"https:\/\/webapp.viptechjob.eu\/fr\/mon-compte-entreprise\/ma-liste-doffres-demploi\/","title":{"rendered":"Ma liste d&rsquo;offres d&#8217;emploi"},"content":{"rendered":"<form autocomplete=\"off\" name=\"wpv-filter-324\" action=\"\/fr\/wp-json\/wp\/v2\/pages\/1685?wpv_view_count=324\" method=\"get\" class=\"wpv-filter-form js-wpv-filter-form js-wpv-filter-form-324 js-wpv-form-full\" data-viewnumber=\"324\" data-viewid=\"324\" data-viewhash=\"eyJuYW1lIjoiYWxsLW15LWpvYi1vZmZlcnMifQ==\" data-viewwidgetid=\"0\" data-orderby=\"\" data-order=\"\" data-orderbyas=\"\" data-orderbysecond=\"\" data-ordersecond=\"\" data-parametric=\"{&quot;query&quot;:&quot;normal&quot;,&quot;id&quot;:324,&quot;view_id&quot;:324,&quot;widget_id&quot;:0,&quot;view_hash&quot;:&quot;324&quot;,&quot;action&quot;:&quot;\\\/fr\\\/wp-json\\\/wp\\\/v2\\\/pages\\\/1685?wpv_view_count=324&quot;,&quot;sort&quot;:{&quot;orderby&quot;:&quot;&quot;,&quot;order&quot;:&quot;&quot;,&quot;orderby_as&quot;:&quot;&quot;,&quot;orderby_second&quot;:&quot;&quot;,&quot;order_second&quot;:&quot;&quot;},&quot;orderby&quot;:&quot;&quot;,&quot;order&quot;:&quot;&quot;,&quot;orderby_as&quot;:&quot;&quot;,&quot;orderby_second&quot;:&quot;&quot;,&quot;order_second&quot;:&quot;&quot;,&quot;ajax_form&quot;:&quot;&quot;,&quot;ajax_results&quot;:&quot;&quot;,&quot;effect&quot;:&quot;fade&quot;,&quot;prebefore&quot;:&quot;&quot;,&quot;before&quot;:&quot;&quot;,&quot;after&quot;:&quot;&quot;,&quot;attributes&quot;:[],&quot;environment&quot;:{&quot;current_post_id&quot;:1685,&quot;parent_post_id&quot;:1685,&quot;parent_term_id&quot;:0,&quot;parent_user_id&quot;:0,&quot;archive&quot;:{&quot;type&quot;:&quot;&quot;,&quot;name&quot;:&quot;&quot;,&quot;data&quot;:[]}},&quot;loop&quot;:{&quot;type&quot;:&quot;&quot;,&quot;name&quot;:&quot;&quot;,&quot;data&quot;:[],&quot;id&quot;:0}}\" data-attributes=\"[]\" data-environment=\"{&quot;current_post_id&quot;:1685,&quot;parent_post_id&quot;:1685,&quot;parent_term_id&quot;:0,&quot;parent_user_id&quot;:0,&quot;archive&quot;:{&quot;type&quot;:&quot;&quot;,&quot;name&quot;:&quot;&quot;,&quot;data&quot;:[]}}\"><input type=\"hidden\" class=\"js-wpv-dps-filter-data js-wpv-filter-data-for-this-form\" data-action=\"\/fr\/wp-json\/wp\/v2\/pages\/1685?wpv_view_count=324\" data-page=\"1\" data-ajax=\"disable\" data-effect=\"fade\" data-maxpages=\"0\" data-ajaxprebefore=\"\" data-ajaxbefore=\"\" data-ajaxafter=\"\" \/><input class=\"wpv_view_count wpv_view_count-324\" type=\"hidden\" name=\"wpv_view_count\" value=\"324\" \/>\n\n\n<\/form>\n<div id=\"wpv-view-layout-324\" class=\"js-wpv-view-layout js-wpv-layout-responsive js-wpv-view-layout-324\" data-viewnumber=\"324\" data-pagination=\"{&quot;id&quot;:324,&quot;query&quot;:&quot;normal&quot;,&quot;type&quot;:&quot;paged&quot;,&quot;effect&quot;:&quot;fade&quot;,&quot;duration&quot;:500,&quot;speed&quot;:5,&quot;pause_on_hover&quot;:&quot;disabled&quot;,&quot;stop_rollover&quot;:&quot;false&quot;,&quot;cache_pages&quot;:&quot;enabled&quot;,&quot;preload_images&quot;:&quot;enabled&quot;,&quot;preload_pages&quot;:&quot;enabled&quot;,&quot;preload_reach&quot;:1,&quot;spinner&quot;:&quot;builtin&quot;,&quot;spinner_image&quot;:&quot;https:\/\/webapp.viptechjob.eu\/wp-content\/plugins\/wp-views\/embedded\/res\/img\/ajax-loader.gif&quot;,&quot;callback_next&quot;:&quot;&quot;,&quot;manage_history&quot;:&quot;enabled&quot;,&quot;has_controls_in_form&quot;:&quot;enabled&quot;,&quot;infinite_tolerance&quot;:&quot;0&quot;,&quot;max_pages&quot;:0,&quot;page&quot;:1,&quot;base_permalink&quot;:&quot;\/fr\/wp-json\/wp\/v2\/pages\/1685?wpv_view_count=324&amp;wpv_paged=WPV_PAGE_NUM&quot;,&quot;loop&quot;:{&quot;type&quot;:&quot;&quot;,&quot;name&quot;:&quot;&quot;,&quot;data&quot;:[],&quot;id&quot;:0}}\" data-permalink=\"\/fr\/wp-json\/wp\/v2\/pages\/1685?wpv_view_count=324\">\n\n\t\n\t\n\t\t<strong>D\u00e9sol\u00e9, mais vous n'avez pas encore t\u00e9l\u00e9charg\u00e9 d'offres d'emploi ou elles sont en attente d'examen<\/strong>\n\t\n<\/div>\n\n<h3 style=\"text-align:center\"><a href=\"https:\/\/webapp.viptechjob.eu\/upload-a-new-job-offer\/\">Cliquez ici pour t\u00e9l\u00e9charger une nouvelle offre d'emploi!<\/a><\/h3>\n","protected":false},"excerpt":{"rendered":"","protected":false},"author":1,"featured_media":0,"parent":1677,"menu_order":0,"comment_status":"closed","ping_status":"closed","template":"","meta":[],"_links":{"self":[{"href":"https:\/\/webapp.viptechjob.eu\/fr\/wp-json\/wp\/v2\/pages\/1685"}],"collection":[{"href":"https:\/\/webapp.viptechjob.eu\/fr\/wp-json\/wp\/v2\/pages"}],"about":[{"href":"https:\/\/webapp.viptechjob.eu\/fr\/wp-json\/wp\/v2\/types\/page"}],"author":[{"embeddable":true,"href":"https:\/\/webapp.viptechjob.eu\/fr\/wp-json\/wp\/v2\/users\/1"}],"replies":[{"embeddable":true,"href":"https:\/\/webapp.viptechjob.eu\/fr\/wp-json\/wp\/v2\/comments?post=1685"}],"version-history":[{"count":1,"href":"https:\/\/webapp.viptechjob.eu\/fr\/wp-json\/wp\/v2\/pages\/1685\/revisions"}],"predecessor-version":[{"id":1953,"href":"https:\/\/webapp.viptechjob.eu\/fr\/wp-json\/wp\/v2\/pages\/1685\/revisions\/1953"}],"up":[{"embeddable":true,"href":"https:\/\/webapp.viptechjob.eu\/fr\/wp-json\/wp\/v2\/pages\/1677"}],"wp:attachment":[{"href":"https:\/\/webapp.viptechjob.eu\/fr\/wp-json\/wp\/v2\/media?parent=1685"}],"curies":[{"name":"wp","href":"https:\/\/api.w.org\/{rel}","templated":true}]}}