{"id":1673,"date":"2019-03-07T14:08:38","date_gmt":"2019-03-07T13:08:38","guid":{"rendered":"https:\/\/webapp.viptechjob.eu\/mon-compte-postulant\/ma-liste-de-cv\/"},"modified":"2019-03-07T14:08:38","modified_gmt":"2019-03-07T13:08:38","slug":"ma-liste-de-cv","status":"publish","type":"page","link":"https:\/\/webapp.viptechjob.eu\/fr\/mon-compte-postulant\/ma-liste-de-cv\/","title":{"rendered":"Ma liste de CV"},"content":{"rendered":"\n\n\n<div id=\"wpv-view-layout-90\" class=\"js-wpv-view-layout js-wpv-layout-responsive js-wpv-view-layout-90\" data-viewnumber=\"90\" data-pagination=\"{&quot;id&quot;:90,&quot;query&quot;:&quot;normal&quot;,&quot;type&quot;:&quot;disabled&quot;,&quot;effect&quot;:&quot;fade&quot;,&quot;duration&quot;:500,&quot;speed&quot;:5,&quot;pause_on_hover&quot;:&quot;disabled&quot;,&quot;stop_rollover&quot;:&quot;false&quot;,&quot;cache_pages&quot;:&quot;enabled&quot;,&quot;preload_images&quot;:&quot;enabled&quot;,&quot;preload_pages&quot;:&quot;enabled&quot;,&quot;preload_reach&quot;:1,&quot;spinner&quot;:&quot;builtin&quot;,&quot;spinner_image&quot;:&quot;https:\/\/webapp.viptechjob.eu\/wp-content\/plugins\/wp-views\/embedded\/res\/img\/ajax-loader.gif&quot;,&quot;callback_next&quot;:&quot;&quot;,&quot;manage_history&quot;:&quot;enabled&quot;,&quot;has_controls_in_form&quot;:&quot;disabled&quot;,&quot;infinite_tolerance&quot;:&quot;0&quot;,&quot;max_pages&quot;:0,&quot;page&quot;:1,&quot;base_permalink&quot;:&quot;\/fr\/wp-json\/wp\/v2\/pages\/1673?wpv_view_count=90&amp;wpv_paged=WPV_PAGE_NUM&quot;,&quot;loop&quot;:{&quot;type&quot;:&quot;&quot;,&quot;name&quot;:&quot;&quot;,&quot;data&quot;:[],&quot;id&quot;:0}}\" data-permalink=\"\/fr\/wp-json\/wp\/v2\/pages\/1673?wpv_view_count=90\">\n\n\t\n\t\n\t\t<strong>D\u00e9sol\u00e9, mais vous n'avez pas encore t\u00e9l\u00e9charg\u00e9 de CV<\/strong>\n\t\n<\/div>\n\n<h3 style=\"text-align:center\"><a href=\"https:\/\/webapp.viptechjob.eu\/my-applicant-account\/upload-a-new-cv\/\">Cliquez ici pour t\u00e9l\u00e9charger un nouveau CV!<\/a><\/h3>\n","protected":false},"excerpt":{"rendered":"","protected":false},"author":1,"featured_media":0,"parent":1668,"menu_order":0,"comment_status":"closed","ping_status":"closed","template":"","meta":[],"_links":{"self":[{"href":"https:\/\/webapp.viptechjob.eu\/fr\/wp-json\/wp\/v2\/pages\/1673"}],"collection":[{"href":"https:\/\/webapp.viptechjob.eu\/fr\/wp-json\/wp\/v2\/pages"}],"about":[{"href":"https:\/\/webapp.viptechjob.eu\/fr\/wp-json\/wp\/v2\/types\/page"}],"author":[{"embeddable":true,"href":"https:\/\/webapp.viptechjob.eu\/fr\/wp-json\/wp\/v2\/users\/1"}],"replies":[{"embeddable":true,"href":"https:\/\/webapp.viptechjob.eu\/fr\/wp-json\/wp\/v2\/comments?post=1673"}],"version-history":[{"count":0,"href":"https:\/\/webapp.viptechjob.eu\/fr\/wp-json\/wp\/v2\/pages\/1673\/revisions"}],"up":[{"embeddable":true,"href":"https:\/\/webapp.viptechjob.eu\/fr\/wp-json\/wp\/v2\/pages\/1668"}],"wp:attachment":[{"href":"https:\/\/webapp.viptechjob.eu\/fr\/wp-json\/wp\/v2\/media?parent=1673"}],"curies":[{"name":"wp","href":"https:\/\/api.w.org\/{rel}","templated":true}]}}