{"id":1666,"date":"2019-02-14T12:58:20","date_gmt":"2019-02-14T11:58:20","guid":{"rendered":"https:\/\/webapp.viptechjob.eu\/telecharger-un-nouveau-cv\/"},"modified":"2020-01-13T10:27:32","modified_gmt":"2020-01-13T09:27:32","slug":"telecharger-un-nouveau-cv","status":"publish","type":"page","link":"https:\/\/webapp.viptechjob.eu\/fr\/mon-compte-postulant\/telecharger-un-nouveau-cv\/","title":{"rendered":"T\u00e9l\u00e9charger un nouveau CV"},"content":{"rendered":"<p>Avant que vous ne commenciez, nous vous recommandons fortement de prendre connaissance de <a href=\"http:\/\/howto.viptechjob.eu\" target=\"_blank\" rel=\"noopener noreferrer\">nos cours en ligne gratuits.<\/a> Ils peuvent vous aider \u00e0 apprendre \u00e0 mieux vous vendre \u00e0 votre futur employeur et vous orientent vers les diff\u00e9rents outils mis \u00e0 votre disposition durant votre recherche d&#8217;emploi. Pour obtenir de l&rsquo;aide sur l&rsquo;\u00e9criture de votre CV, vous pouvez participer \u00e0 notre cours en ligne gratuit: <a href=\"https:\/\/howto.viptechjob.eu\/course\/view.php?id=2\" target=\"_blank\" rel=\"noopener noreferrer\">\u00ab\u00a0Comment \u00e9crire un CV attractif\u00a0\u00bb<\/a><\/p>\n\n","protected":false},"excerpt":{"rendered":"<p>Avant que vous ne commenciez, nous vous recommandons fortement de prendre connaissance de nos cours en ligne gratuits. Ils peuvent vous aider \u00e0 apprendre \u00e0 mieux vous vendre \u00e0 votre futur employeur et vous orientent vers les diff\u00e9rents outils mis \u00e0 votre disposition durant votre recherche d&#8217;emploi. Pour obtenir de l&rsquo;aide sur l&rsquo;\u00e9criture de votre &hellip; <a href=\"https:\/\/webapp.viptechjob.eu\/fr\/mon-compte-postulant\/telecharger-un-nouveau-cv\/\" class=\"more-link\">Continuer la lecture<span class=\"screen-reader-text\"> de &laquo;&nbsp;T\u00e9l\u00e9charger un nouveau CV&nbsp;&raquo;<\/span><\/a><\/p>\n","protected":false},"author":1,"featured_media":0,"parent":1668,"menu_order":0,"comment_status":"closed","ping_status":"closed","template":"","meta":[],"_links":{"self":[{"href":"https:\/\/webapp.viptechjob.eu\/fr\/wp-json\/wp\/v2\/pages\/1666"}],"collection":[{"href":"https:\/\/webapp.viptechjob.eu\/fr\/wp-json\/wp\/v2\/pages"}],"about":[{"href":"https:\/\/webapp.viptechjob.eu\/fr\/wp-json\/wp\/v2\/types\/page"}],"author":[{"embeddable":true,"href":"https:\/\/webapp.viptechjob.eu\/fr\/wp-json\/wp\/v2\/users\/1"}],"replies":[{"embeddable":true,"href":"https:\/\/webapp.viptechjob.eu\/fr\/wp-json\/wp\/v2\/comments?post=1666"}],"version-history":[{"count":0,"href":"https:\/\/webapp.viptechjob.eu\/fr\/wp-json\/wp\/v2\/pages\/1666\/revisions"}],"up":[{"embeddable":true,"href":"https:\/\/webapp.viptechjob.eu\/fr\/wp-json\/wp\/v2\/pages\/1668"}],"wp:attachment":[{"href":"https:\/\/webapp.viptechjob.eu\/fr\/wp-json\/wp\/v2\/media?parent=1666"}],"curies":[{"name":"wp","href":"https:\/\/api.w.org\/{rel}","templated":true}]}}