{"id":1532,"date":"2019-02-07T08:23:28","date_gmt":"2019-02-07T07:23:28","guid":{"rendered":"https:\/\/webapp.viptechjob.eu\/politique-de-confidentialite\/"},"modified":"2019-12-21T14:24:27","modified_gmt":"2019-12-21T13:24:27","slug":"politique-de-confidentialite","status":"publish","type":"page","link":"https:\/\/webapp.viptechjob.eu\/fr\/politique-de-confidentialite\/","title":{"rendered":"Politique de confidentialit\u00e9"},"content":{"rendered":"<p>Bienvenue sur le projet web de VIP Tech Job cr\u00e9\u00e9 par les partenaires suivants: Belgique(<a href=\"http:\/\/www.viewsinternational.eu\/\" target=\"_blank\" rel=\"noopener noreferrer\">Views International<\/a>), Italie(<a href=\"http:\/\/www.aforismatoscana.net\/\" target=\"_blank\" rel=\"noopener noreferrer\">Aforisma Toscana<\/a> et<a href=\"https:\/\/www.istitutorittmeyer.it\/\" target=\"_blank\" rel=\"noopener noreferrer\">Istituto Rittmeyer<\/a>) et Espagne (<a href=\"http:\/\/www.doceteomnes.com\/\" target=\"_blank\" rel=\"noopener noreferrer\">Docete Omnes Foundation<\/a>) Nous sommes ravis de pouvoir travailler avec vous et de vous aider dans le d\u00e9veloppement de votre carri\u00e8re. Comme vous pouvez l&rsquo;imaginer, afin de vous proposer nos services, nous devons collecter certaines informations et donn\u00e9es vous concernant. Web VIP Tech Job est d\u00e9vou\u00e9 \u00e0 prot\u00e9ger et respecter votre vie priv\u00e9e. Cette politique de vie priv\u00e9e d\u00e9crit les droits qui, dans ladite affaire, en relation aux informations que nous utilisons vous concernant ainsi qu&rsquo;aux mesures prises afin de respecter votre vie priv\u00e9e. Nous avons que cela peut \u00eatre fastidieux et ennuyeux, mais prenez le temps de lire notre Politique de vie priv\u00e9e avec attention s&rsquo;il vous plait. Vous trouverez ci-dessous un index qui vous permettra de vous rendre directement \u00e0 la section qui vous int\u00e9resse le plus.<\/p>\n<h2><strong><u>Index<\/u><\/strong><\/h2>\n<ol>\n<li>    <a href=\"#section1\">Quelques termes \u00e0 prendre en compte.<\/a><\/li>\n<li>    <a href=\"#section2\">Quelles sont les donn\u00e9es personnelles que nous collectons et utilisons?<\/a><\/li>\n<li>    <a href=\"#section3\">Pourquoi devons nous utiliser des donn\u00e9es personnelles?<\/a><\/li>\n<li>    <a href=\"#section4\">Que dit la loi \u00e0 ce propos?<\/a><\/li>\n<li>    <a href=\"#section5\">Devez-vous nous fournir les donn\u00e9es personnelles que nous vous demandons?<\/a><\/li>\n<li>    <a href=\"#section6\">Combien de temps avons nous acc\u00e8s \u00e0 ces donn\u00e9es?<\/a><\/li>\n<li>    <a href=\"#section7\">Partageons-nous ces informations \u00e0 des partis tiers?<\/a><\/li>\n<li>    <a href=\"#section8\">Partageons-nous vous donn\u00e9es en dehors de l&rsquo;Union Europ\u00e9enne?<\/a><\/li>\n<li>    <a href=\"#section9\">Quels sont vos droits?<\/a><\/li>\n<li>    <a href=\"#section10\">Qu&rsquo;en est-il de la s\u00e9curit\u00e9 de vos donn\u00e9es en utilisant Web VIP Tech Job?<\/a><\/li>\n<li>    <a href=\"#section11\">Adresse IP et cookies.<\/a><\/li>\n<li>    <a href=\"#section12\">Comment nous contacter?<\/a><\/li>\n<li>    <a href=\"#section13\">Comment g\u00e9rons nous les changements dans cette Politique?<\/a><\/li>\n<\/ol>\n<hr>\n<h3><a name=\"section1\"><\/a>1) Certains termes \u00e0 prendre en compte<\/h3>\n<p>En premier lieu, cette application web permet aux utilisateurs de partager et de voir du contenu relatif aux opportunit\u00e9s d&#8217;emploi convenant aux personnes d\u00e9ficientes visuelles ou aveugles de fa\u00e7on simple et rapide. De plus, les personnes visuellement d\u00e9ficientes ou aveugles peuvent partager des opportunit\u00e9s d&#8217;emploi qu&rsquo;elles consid\u00e8rent int\u00e9ressantes pour le reste des utilisateurs; Et bien entendu, elles peuvent soumettre leur candidature rapidement et facilement.<\/p>\n<p>Vous pouvez cr\u00e9er votre compte de demandeur d&#8217;emploi et obtenir l&rsquo;acc\u00e8s \u00e0 toutes les ressources et offres d&#8217;emploi disponibles au sein de l&rsquo;application.<\/p>\n<p>Les entreprises peuvent publier leurs offres d&#8217;emploi, recevoir des demandes et trouver le demandeur d&#8217;emploi dont le Curriculum se trouvant sur l&rsquo;application correspondrait au mieux.<\/p>\n<p>Nous avons aussi d\u00e9velopp\u00e9 une <a href=\"https:\/\/howto.viptechjob.eu\" target=\"_blank\" rel=\"noopener noreferrer\">plateforme d&rsquo;entrainement en ligne gratuite<\/a> afin d&rsquo;aider les personnes d\u00e9ficientes \u00e0 une meilleure utilisation des outils disponibles sur internet et leur enseigner comment se mettre en avant avec comme objectif principal d&rsquo;obtenir un premier rendez-vous avec l&rsquo;entreprise. La plateforme est libre d&rsquo;acc\u00e8s et inclus des informations importantes \u00e0 propos de la l\u00e9gislation, des ressources disponibles et plus au sein de l&rsquo;Union Europ\u00e9enne et en particulier dans les pays partenaires au projet: Belgique (Views International), Italie (Aforisma Toscana et Istituto Rittmeyer) et Espagne (Docete Omnes Foundation).<\/p>\n<p>Enfin, cette Politique de la vie priv\u00e9e se r\u00e9f\u00e8re aux informations relatives aux personnes, comme vous ou votre famille. Cela comprend des informations \u00e0 propos de vous mais aussi de votre opinion et ce que vous avez fournis (par exemple, &lsquo; exp\u00e9rience professionnelle, informations compl\u00e9mentaires, description du CV&rsquo;). Cela peut ne pas \u00eatre des donn\u00e9es personnelles(cependant il se peut que les deux soient utilis\u00e9s). Ce genre d&rsquo;information est parfois d\u00e9cris comme \u00ab\u00a0Donn\u00e9es Personnelles, \u00ab\u00a0Informations Personnelles ou \u00ab\u00a0Information Identifi\u00e9es ou Identifiables \u00e0 propos de la personne\u00a0\u00bb, cependant, tout au long de cette Politique de vie priv\u00e9e, nous utilisons le terme \u00ab\u00a0Informations Personnelles\u00a0\u00bb.<\/p>\n<h3><a name=\"section2\"><\/a>2) Quelles sont les donn\u00e9es personnelles que nous collectons et utilisons?<\/h3>\n<p>Les informations personnelles utilis\u00e9es pour le projet inclues, parmi d&rsquo;autres, les donn\u00e9es suivantes:<\/p>\n<ol>\n<li>Votre nom, date de naissance, contacts et parcours (\u00e9tudes, cours, stages,&#8230;), papiers d&rsquo;identit\u00e9, permis de travail et autres sortes d&rsquo;informations que vous pouvez avoir inclues dans votre CV.<\/li>\n<li>Si vous vous enregistr\u00e9 sur notre plateforme en utilisant LinkedIn ou un autre r\u00e9seau social: donn\u00e9es du Profil.<\/li>\n<li>Si vous nous contactez, nous pouvons conserver des preuves de la communication.<\/li>\n<li>Toutes les donn\u00e9es que vous nous communiqu\u00e9es lors du remplissage du formulaire et de la cr\u00e9ation de votre compte d&rsquo;entreprise \u00ab\u00a0Compte d&rsquo;entreprise\u00a0\u00bb ou comme demandeur d&#8217;emploi &lsquo;Compte demandeur d&rsquo;Emploi\u00a0\u00bb. Nous utilisons surtout votre pr\u00e9nom, nom de famille et email. L&rsquo;apport de vos donn\u00e9es personnelles \u00e0 travers ces formulaires n&rsquo;est pas obligatoire ou une obligation contractuelle. Cependant, les champs marqu\u00e9s par un ast\u00e9risque sont obligatoires car nous avons besoin de ces informations afin d&rsquo;aboutir \u00e0 votre requ\u00eate. Les autres informations que vous partager avec nous en compl\u00e9tant ces formulaires et de votre responsabilit\u00e9.<\/li>\n<li>Nous collectons aussi les informations concernant votre visite sur le site internet et\/ou le portail en ligne. Ceci inclus, mais ne limite pas, \u00e0 votre adresse IP, le moteur de recherche utilis\u00e9, votre localisation, le pays, les entr\u00e9es sur la page ainsi que les autres donn\u00e9es de communications et les sources auxquelles vous avez acc\u00e9d\u00e9es. Ces informations sont utilis\u00e9es afin de rendre votre visite sur le site internent et le Portail plus simple dans le futur.<\/li>\n<li>Vous pouvez joindre votre portrait (cependant cette \u00e9tape n&rsquo;est pas obligatoire).<\/li>\n<li>Les donn\u00e9es concernant une \u00e9ventuelle d\u00e9ficience ou adaptation requise sur le lieu de travail.<\/li>\n<li>A certaines occasions, avec autorisation, nous collectons aussi des donn\u00e9es personnelles sensibles.<\/li>\n<\/ol>\n<h3><a name=\"section3\"><\/a>3) Pourquoi devons-nous utiliser des donn\u00e9es personnelles \u00e0 propos de vous?<\/h3>\n<p>Le projet collecte et utilise des donn\u00e9es personnelles afin de:<\/p>\n<ol>\n<li>Vous fournir les services que vous demandez, tel que trouver un emploi, vous aider durant la formation et faciliter le processus pour postuler \u00e0 un poste. Ceci inclus envoyer votre CV \u00e0 des employeurs potentiels pour leur \u00e9valuation et vous garder inform\u00e9 des postes disponibles par email, t\u00e9l\u00e9phone ou autre moyen de communication.<\/li>\n<li>Pour porter des analyses concernant des donn\u00e9es statistiques et recherches, par exemple, comparer l&rsquo;efficacit\u00e9 des papiers que vous avez fournis ainsi, embauche d&rsquo;Utilisateurs entre des secteurs commerciaux et de zones g\u00e9ographiques diff\u00e9rents, ainsi que dans la recherche pour identifier les facteurs qui peuvent influencer les diff\u00e9rences trouv\u00e9es.<\/li>\n<li>Communiquer des donn\u00e9es \u00e0 des partis tiers (voir ci-dessous).<\/li>\n<li>Lorsque c&rsquo;est n\u00e9cessaire, s&rsquo;ex\u00e9cuter \u00e0 des obligations l\u00e9gales.<\/li>\n<li>Nous pouvons aussi utiliser ces informations afin de:<\/li>\n<\/ol>\n<ul>\n<li style=\"list-style-type: none\">\n<ul>\n<li> Promouvoir la s\u00e9curit\u00e9 et la protection des personnes, infrastructures, syst\u00e8mes et biens.<\/li>\n<li> Assurer le respect des politiques internes et des proc\u00e9dures judiciaires.<\/li>\n<li> G\u00e9rer les communications et autres syst\u00e8mes utilis\u00e9s par Web VIP Tech Job Project (comprenant les donn\u00e9es internes aux bases de donn\u00e9es de contact).<\/li>\n<li> La recherche et la gestion des incidents et des requ\u00eates.<\/li>\n<li> Se plier aux obligations et droits, ainsi que coop\u00e9rer avec les enqu\u00eates men\u00e9es par la police, les tribunaux, les agents de r\u00e9gulation, etc.<\/li>\n<\/ul>\n<\/li>\n<\/ul>\n<h3><a name=\"section4\"><\/a>4) Que dit la loi \u00e0 ce propos?<\/h3>\n<p>Nous sommes tenu par la loi de traiter vos donn\u00e9es personnelles avec le respect de toutes les bases l\u00e9gales en vigueur concernant la protection des donn\u00e9es.<\/p>\n<p>Quand vous travailler avec ou en collaboration avec l&rsquo;application Web VIP Tech Job Project, le processus que nous utilisons pour garantir un bon fonctionnement est bas\u00e9 sur le fait que celui-ci est n\u00e9cessaire \u00e0 l&rsquo;ex\u00e9cution d&rsquo;un contrat dans lequel le parti int\u00e9ress\u00e9 est un parti, le processus est n\u00e9cessaire en conformit\u00e9 d&rsquo;une obligation l\u00e9gale s&rsquo;appliquant \u00e0 la personne en charge du m\u00eame processus ou dans le cadre ou il est essentiel que celui-ci puisse satisfaire les int\u00e9r\u00eats l\u00e9gitimes de l&rsquo;application WEB VIP Tech Job Project dans l&rsquo;exercice de ses droits et dans ses partenaires pour d\u00e9velopper un projet qui n&rsquo;endommage pas vos int\u00e9r\u00eats et vos droits fondamentaux ainsi que votre libert\u00e9. Lorsque le susmentionn\u00e9 processus est n\u00e9cessaire \u00e0 la bonne compl\u00e9tion des int\u00e9r\u00eats du projet, nous garantissons que cela est fait de mani\u00e8re \u00e0 d\u00e9dommager les int\u00e9r\u00eats de chacun. En dehors des hypoth\u00e8ses pr\u00e9c\u00e9demment cit\u00e9es, nous n&rsquo;utilisons que les donn\u00e9es personnelles auxquelles vous nous donn\u00e9 acc\u00e8s.<\/p>\n<h3><a name=\"section5\"><\/a>5) Devez-vous nous fournir les informations personnelles que nous r\u00e9clamons?<\/h3>\n<p>M\u00eame si vous n&rsquo;\u00eates pas oblig\u00e9 de nous fournir ces donn\u00e9es personnelles, elles sont cependant n\u00e9cessaires \u00e0 la bonne charge du travail que vous exig\u00e9 de notre part. Nous ne serons donc pas en mesure de vous aider avec la qualit\u00e9 de retour attendu.<\/p>\n<h3><a name=\"section6\"><\/a>6) Combien de temps gardons-nous vos donn\u00e9es?<\/h3>\n<p>Web VIP Tech Job Project peut avoir acc\u00e8s \u00e0 vos donn\u00e9es pour une p\u00e9riode maximum de 3 ans \u00e0 partir de la derni\u00e8re interaction enregistr\u00e9e. Si vous trouvez une offre d&#8217;emploi via notre application, nous aurons \u00e0 garder vos informations personnelles pour une p\u00e9riode plus longue et ce afin de r\u00e9pondre aux normes l\u00e9gales et les obligations contractuelles qui suivent et en accord aux besoins statistiques.<\/p>\n<h3><a name=\"section7\"><\/a>7) Communiquons-nous les donn\u00e9es \u00e0 un parti tiers?<\/h3>\n<p>Comme indiqu\u00e9 pr\u00e9c\u00e9demment, nous communiquons ces donn\u00e9es de fa\u00e7on normale. Le but \u00e9tant d&rsquo;\u00eatre capable d&rsquo;achever les objectifs d\u00e9j\u00e0 indiqu\u00e9s et est fait selon les conditions suivantes:<\/p>\n<ul>\n<li>A nos fournisseurs: Par exemple, nous pouvons engager un parti tiers afin de r\u00e9pondre \u00e0 des t\u00e2ches administratives ou \u00e0 un travail op\u00e9rationnel en relation avec nos utilisateurs. Le(s) parti(s) tiers est\/sont soumis \u00e0 des obligations contractuelles et l\u00e9gales afin de pr\u00e9server la confidentialit\u00e9 des donn\u00e9es priv\u00e9es et seul un acc\u00e8s aux donn\u00e9es n\u00e9cessaires sera donn\u00e9 dans la bonne r\u00e9alisation de leurs fonctions: les partis tiers les plus courants sont les syst\u00e8mes informatiques(ce qui h\u00f4te ou supporte nos syst\u00e8mes informatiques, et qui inclus des informations \u00e0 votre propos).<\/li>\n<li>Les membres partenaires du Projet Web VIP Tech Job dans d&rsquo;autres pays au sein de l&rsquo;Union Europ\u00e9enne; Diff\u00e9rents partenaires du Projet Web VIP Tech Job accomplissent des fonctions diff\u00e9rentes et ceci r\u00e9sultant de la n\u00e9cessit\u00e9 de partager \u00e0 ces organisations dans des buts diff\u00e9rents:<\/li>\n<li>Aux futurs employeurs: nous partageons des informations \u00e0 votre propos avec ceux qui publient des offres d&#8217;emploi qui peuvent vous int\u00e9resser, ou avec les entreprises qui sont int\u00e9ress\u00e9es par votre profil. Les partis pr\u00e9cedemment cit\u00e9s sont sujet \u00e0 des obligations contractuelles et confidentielles conform\u00e9ment aux donn\u00e9es re\u00e7ues.<\/li>\n<li>Nous partagerons les donn\u00e9es avec ceux avec qui nous devons de droits, tels que l&rsquo;Administration, les forces de s\u00e9curit\u00e9 et de maintien, auxquels nous comprenons que nous sommes l\u00e9galement oblig\u00e9 de se soumettre.<\/li>\n<\/ul>\n<h3><a name=\"section8\"><\/a>8) Communiquons-nous des donn\u00e9es personnelles en dehors de l&rsquo;Europe?<\/h3>\n<p>Les donn\u00e9es de l&rsquo;utilisateur peuvent \u00eatre transf\u00e9r\u00e9es et utilis\u00e9es dans un ou plusieurs pays \u00e0 l&rsquo;int\u00e9rieur de l&rsquo;Union Europ\u00e9enne, laquelle est constitu\u00e9e par les pays partenaires: Belgique (<a href=\"http:\/\/www.viewsinternational.eu\/\" target=\"_blank\" rel=\"noopener noreferrer\">Views International<\/a>), Italie (<a href=\"http:\/\/www.aforismatoscana.net\/\" target=\"_blank\" rel=\"noopener noreferrer\">Aforisma Toscana<\/a> et <a href=\"https:\/\/www.istitutorittmeyer.it\/\" target=\"_blank\" rel=\"noopener noreferrer\">Istituto Rittmeyer)<\/a> et Espagne (<a href=\"http:\/\/www.doceteomnes.com\/\" target=\"_blank\" rel=\"noopener noreferrer\">Docete Omnes Foundation<\/a>).<\/p>\n<h3><a name=\"section9\"><\/a>9) Quels sont vos droits?<\/h3>\n<ul>\n<li>Le droit d&rsquo;acc\u00e9der et d&rsquo;obtenir une copie de vos informations personnelles. Vous avez le droit de demander des informations concernant l&rsquo;utilisation de vos donn\u00e9es. Si vous souhaitez demander des informations, vous pouvez d\u00e9j\u00e0 acc\u00e9der \u00e0 celles-ci via le Portail ainsi qu&rsquo;\u00e0 la mani\u00e8re dont nous traitons ces informations. Dans certain cas, vous pouvez nous demander de vous fournir une copie \u00e9lectronique de vos donn\u00e9es.<\/li>\n<li>Le droit de modifier des donn\u00e9es personnelles. Dans le cas ou vous montrez que les informations que nous avons \u00e0 votre propos sont erron\u00e9es, vous pouvez nous en informer afin d&rsquo;en faire une mise \u00e0 jour et de corriger ces informations. Dans tous les cas, nous vous encourageons \u00e0 acc\u00e9der au Portail et de mettre directement \u00e0 jour vos donn\u00e9es personnelles.<\/li>\n<li>Le droit d&rsquo;enlever ou de supprimer des informations.<\/li>\n<li>Sous certaines occasions, vous avez le droit de demander que nous cessons d&rsquo;utiliser vos donn\u00e9es personnelles ou que celles-ci soient supprimer. La demande peut \u00eatre formul\u00e9e \u00e0 n&rsquo;importe quel moment et le Projet Web VIP Tech Job \u00e9valuera et d\u00e9terminera si v\u00f4tre requ\u00eate peut \u00eatre satisfaite. Cependant, ce droit est sujet \u00e0 des normes et obligations l\u00e9gales qui peuvent nous mener \u00e0 devoir garder ces informations. Dans les cas o\u00f9, en accord aux standards, nous d\u00e9terminons que votre demande concernant la suppression de vos donn\u00e9es peut \u00eatre satisfaite, le Projet Web VIP Tech Job se doit d&rsquo;honorer ce fait dans un d\u00e9lai raisonnable. Il doit \u00eatre pris en consid\u00e9ration qu&rsquo;une fois les donn\u00e9es supprim\u00e9es, le Projet ne sera plus en mesure de vous aider pour ses t\u00e2ches respectives. Dans le cas ou vous d\u00e9sirez vous enregistrer \u00e0 nouveau au Projet, il sera n\u00e9cessaire de fournir ces infirmations.<\/li>\n<li>Le droit \u00e0 l&rsquo;object. Les donn\u00e9es que nous avons \u00e0 votre propos ne sont utilis\u00e9es qu&rsquo;\u00e0 un usage l\u00e9gitime d\u00e9finis par les missions de VIP Tech Job et seulement dans les cas que cela comprend. En aucun cas les donn\u00e9es ne sont utilis\u00e9es \u00e0 des fins commerciales ou ill\u00e9gitimes. Vous serez autoris\u00e9 \u00e0 vous opposer, pour des raisons concernant une situation particuli\u00e8re, \u00e0 l&rsquo;utilisation de vos donn\u00e9es.<\/li>\n<\/ul>\n<p>Si vous souhaitez mettre en oeuvre une requ\u00eate, vous pouvez acc\u00e9der \u00e0 votre profil via le Portail ou nous contacter par email: <a href=\"mailto:fundacion@doceteomnes.com\">fundacion@doceteomnes.com<\/a><\/p>\n<p>Lors de votre contact concernant les mesures cit\u00e9es ci-dessus, le Projet peut vous demander de vous identifier avant de pouvoir continuer votre requ\u00eate. Enfin, vous avez le droit de remplir une demande aux autorit\u00e9s comp\u00e9tentes en mesure de protection des donn\u00e9es concernant un soucis l&rsquo;encontre de votre domicile ou travail, ou n&rsquo;importe quel endroit o\u00f9 vous consid\u00e9rez qu&rsquo;un accident relatif \u00e0 la s\u00e9curit\u00e9 de vos donn\u00e9es est arriv\u00e9.<\/p>\n<h3><a name=\"section10\"><\/a>10) Quelle est la politique de s\u00e9curit\u00e9 des donn\u00e9es en utilisant les syst\u00e8mes du Projet VIP Tech Job ?<\/h3>\n<p>Vous \u00eates responsable de garder un acc\u00e8s s\u00e9curiser \u00e0 votre Portail, c&rsquo;est \u00e0 dire l&rsquo;acc\u00e8s aux donn\u00e9es et \u00e0 votre mot de passe L&rsquo;acc\u00e8s \u00e0 ces donn\u00e9es est pour l&rsquo;usage strict de l&rsquo;utilisateur lui m\u00eame consid\u00e9r\u00e9 comme dans l&rsquo;incapacit\u00e9 de partager ces donn\u00e9es et les d\u00e9tails de son compte \u00e0 quiconque.<\/p>\n<h3><a name=\"section11\"><\/a>11) Comment nous contacter?<\/h3>\n<p>Pour des \u00e9ventuelles questions concernant cette Police, afin d&rsquo;obtenir des infirmations \u00e0 propos de vos donn\u00e9es et comment nous les prot\u00e9geons( par exemple, lorsque nous faisons un transfert en dehors de l&rsquo;Union Europ\u00e9enne) et\/ou pour contacter la d\u00e9l\u00e9gation en charge de la protection des donn\u00e9es et le service local correspondant charg\u00e9 de la Protection de la vie priv\u00e9e, vous pouvez envoyer un email \u00e0 l&rsquo;adresse suivante: <a href=\"mailto:fundacion@doceteomnes.com\">fundacion@doceteomnes.com<\/a><\/p>\n<h3><a name=\"section12\"><\/a>12) Comment mettons-nous \u00e0 jour cette Police de confidentialit\u00e9?<\/h3>\n<p>Les termes de cette Police de confidentialit\u00e9 peuvent changer dans le temps. Nous publierons les changements \u00e9ventuels via les moyens n\u00e9cessaires, soit par le site internet ou via le moyen d\u00e9finis comme appropri\u00e9.<\/p>\n<p>&nbsp;<\/p>\n","protected":false},"excerpt":{"rendered":"<p>Bienvenue sur le projet web de VIP Tech Job cr\u00e9\u00e9 par les partenaires suivants: Belgique(Views International), Italie(Aforisma Toscana etIstituto Rittmeyer) et Espagne (Docete Omnes Foundation) Nous sommes ravis de pouvoir travailler avec vous et de vous aider dans le d\u00e9veloppement de votre carri\u00e8re. Comme vous pouvez l&rsquo;imaginer, afin de vous proposer nos services, nous devons &hellip; <a href=\"https:\/\/webapp.viptechjob.eu\/fr\/politique-de-confidentialite\/\" class=\"more-link\">Continuer la lecture<span class=\"screen-reader-text\"> de &laquo;&nbsp;Politique de confidentialit\u00e9&nbsp;&raquo;<\/span><\/a><\/p>\n","protected":false},"author":1,"featured_media":0,"parent":0,"menu_order":0,"comment_status":"closed","ping_status":"closed","template":"","meta":[],"_links":{"self":[{"href":"https:\/\/webapp.viptechjob.eu\/fr\/wp-json\/wp\/v2\/pages\/1532"}],"collection":[{"href":"https:\/\/webapp.viptechjob.eu\/fr\/wp-json\/wp\/v2\/pages"}],"about":[{"href":"https:\/\/webapp.viptechjob.eu\/fr\/wp-json\/wp\/v2\/types\/page"}],"author":[{"embeddable":true,"href":"https:\/\/webapp.viptechjob.eu\/fr\/wp-json\/wp\/v2\/users\/1"}],"replies":[{"embeddable":true,"href":"https:\/\/webapp.viptechjob.eu\/fr\/wp-json\/wp\/v2\/comments?post=1532"}],"version-history":[{"count":3,"href":"https:\/\/webapp.viptechjob.eu\/fr\/wp-json\/wp\/v2\/pages\/1532\/revisions"}],"predecessor-version":[{"id":1535,"href":"https:\/\/webapp.viptechjob.eu\/fr\/wp-json\/wp\/v2\/pages\/1532\/revisions\/1535"}],"wp:attachment":[{"href":"https:\/\/webapp.viptechjob.eu\/fr\/wp-json\/wp\/v2\/media?parent=1532"}],"curies":[{"name":"wp","href":"https:\/\/api.w.org\/{rel}","templated":true}]}}