{"id":1514,"date":"2019-07-09T12:55:11","date_gmt":"2019-07-09T11:55:11","guid":{"rendered":"https:\/\/webapp.viptechjob.eu\/home\/"},"modified":"2020-01-13T18:48:08","modified_gmt":"2020-01-13T17:48:08","slug":"home","status":"publish","type":"page","link":"https:\/\/webapp.viptechjob.eu\/fr\/","title":{"rendered":"Home"},"content":{"rendered":"<h2>Bienvenue sur VIP Tech Job Project Web App!<\/h2>\n<p> Nous sommes conscient qu&rsquo;il est difficile de trouver des sites ou des outils adapt\u00e9s aux personnes aveugles ou mal-voyantes sur internet. M\u00eame dans des articles \u00e9crits par des personnes travaillant pour des associations aidant les personnes d\u00e9ficientes, la majorit\u00e9 des r\u00e9f\u00e9rences ne sont pas assez sp\u00e9cifiques. Cette application web permettra aux utilisateurs de partager et de visionner le contenu relatif aux opportunit\u00e9s de travail convenant aux personnes d\u00e9ficientes visuelles, et ce de fa\u00e7on accessible pour tous. De plus, les personnes d\u00e9ficientes visuelles pourront partager les offres d&#8217;emplois qu&rsquo;elles pourraient trouver int\u00e9ressantes \u00e0 partager \u00e0 la communaut\u00e9; et bien s\u00fbr pourront soumettre leur candidature de fa\u00e7on simple et rapide. Cliquer ici afin de <a href=\"\/?page_id=1670\">cr\u00e9er votre candidatures<\/a> et obtenir l&rsquo;acc\u00e8s \u00e0 toutes les ressources n\u00e9cessaires ainsi qu&rsquo;aux offres d&#8217;emploi disponibles au sein de l&rsquo;application web. Les entreprises sont invit\u00e9es \u00e0 publier leurs propositions d&#8217;emploi ainsi qu&rsquo;\u00e0 recevoir les candidatures et chercher le meilleur candidat parmi les CV disponible sur l&rsquo;application Web. Cliquez-ici <a href=\"https:\/\/webapp.viptechjob.eu\/fr\/creer-votre-compte-entreprise\/\">pour cr\u00e9er votre profil entreprise <\/a>et obtenir les acc\u00e8s au contenu relatif. Nous avons aussi d\u00e9velopp\u00e9 une <a href=\"https:\/\/howto.viptechjob.eu\" target=\"_blank\" rel=\"noopener noreferrer\">plateforme gratuite en ligne<\/a> afin d&rsquo;aider les personnes VIP (Personnes Visuellement D\u00e9ficientes) et aveugles \u00e0 utiliser les outils disponibles en ligne de la meilleure des fa\u00e7ons et leur enseigner comment se mettre en avant avec l&rsquo;objectif principal d&rsquo;obtenir un premier rendez-vous avec l&rsquo;entreprise. La plateforme en ligne est gratuite d&rsquo;utilisation et inclus des informations importantes concernant la l\u00e9gislation, les ressources disponibles et beaucoup d&rsquo;autres donn\u00e9es au sein de l&rsquo;UE et en particulier dans les pays partenaires du projet: Belgique <a href=\"http:\/\/www.viewsinternational.eu\/\" target=\"_blank\" rel=\"noopener noreferrer\">(Views International<\/a>), Italie (<a href=\"http:\/\/www.aforismatoscana.net\/\" target=\"_blank\" rel=\"noopener noreferrer\">Aforisma Toscana<\/a> et<a href=\"https:\/\/www.istitutorittmeyer.it\/\" target=\"_blank\" rel=\"noopener noreferrer\">Istituto Rittmeyer<\/a>) ainsi qu&rsquo;en Espagne (<a href=\"http:\/\/www.doceteomnes.com\" target=\"_blank\" rel=\"noopener noreferrer\">Docete Omnes Foundataion<\/a>).<\/p>\n","protected":false},"excerpt":{"rendered":"","protected":false},"author":1,"featured_media":0,"parent":0,"menu_order":0,"comment_status":"closed","ping_status":"closed","template":"","meta":[],"_links":{"self":[{"href":"https:\/\/webapp.viptechjob.eu\/fr\/wp-json\/wp\/v2\/pages\/1514"}],"collection":[{"href":"https:\/\/webapp.viptechjob.eu\/fr\/wp-json\/wp\/v2\/pages"}],"about":[{"href":"https:\/\/webapp.viptechjob.eu\/fr\/wp-json\/wp\/v2\/types\/page"}],"author":[{"embeddable":true,"href":"https:\/\/webapp.viptechjob.eu\/fr\/wp-json\/wp\/v2\/users\/1"}],"replies":[{"embeddable":true,"href":"https:\/\/webapp.viptechjob.eu\/fr\/wp-json\/wp\/v2\/comments?post=1514"}],"version-history":[{"count":2,"href":"https:\/\/webapp.viptechjob.eu\/fr\/wp-json\/wp\/v2\/pages\/1514\/revisions"}],"predecessor-version":[{"id":1690,"href":"https:\/\/webapp.viptechjob.eu\/fr\/wp-json\/wp\/v2\/pages\/1514\/revisions\/1690"}],"wp:attachment":[{"href":"https:\/\/webapp.viptechjob.eu\/fr\/wp-json\/wp\/v2\/media?parent=1514"}],"curies":[{"name":"wp","href":"https:\/\/api.w.org\/{rel}","templated":true}]}}