{"id":724,"date":"2019-07-09T12:55:11","date_gmt":"2019-07-09T11:55:11","guid":{"rendered":"https:\/\/webapp.viptechjob.eu\/inicio\/"},"modified":"2020-01-13T19:03:30","modified_gmt":"2020-01-13T18:03:30","slug":"home","status":"publish","type":"page","link":"https:\/\/webapp.viptechjob.eu\/es\/","title":{"rendered":"Inicio"},"content":{"rendered":"<h2>\u00a1Bienvenido\/a a la Web App del proyecto VIP Tech Job!<\/h2>\n<p> Somos conscientes de que es dif\u00edcil encontrar sitios o herramientas para la b\u00fasqueda de empleo especialmente adaptados para personas ciegas o con discapacidad visual en Internet. Incluso en art\u00edculos escritos por personas que trabajan en asociaciones que ayudan a personas ciegas y con discapacidad visual, la mayor\u00eda de las referencias son a aplicaciones y sitios web generalistas. Esta aplicaci\u00f3n web permitir\u00e1 a los usuarios compartir y ver contenidos relacionados con oportunidades laborales adecuadas para personas ciegas o con discapacidad visual, de manera accesible. Adem\u00e1s, las personas ciegas o con discapacidad visual tambi\u00e9n podr\u00e1n compartir oportunidades de trabajo que consideren interesantes para el resto de los usuarios; y, por supuesto, pueden enviar sus solicitudes de trabajo de manera r\u00e1pida y f\u00e1cil. Haga clic aqu\u00ed ahora para <a href=\"https:\/\/webapp.viptechjob.eu\/es\/crea-tu-cuenta-de-solicitante-de-empleo\/\">crear tu cuenta de solicitante de empleo<\/a> y obtener acceso a todos los recursos y ofertas de trabajo disponibles dentro de la aplicaci\u00f3n web. Ivitamos a las empresas a publicar sus ofertas de empleo, recibir solicitudes de empleo y buscar el mejor candidato entre los curr\u00edculums subidos a la aplicaci\u00f3n web. Pulsa aqu\u00ed para <a href=\"https:\/\/webapp.viptechjob.eu\/es\/crea-tu-cuenta-de-empresa\/\">crear tu cuenta de empresa<\/a> y obtener acceso a estas funciones. Tambi\u00e9n hemos desarrollado una <a href=\"https:\/\/howto.viptechjob.eu\" target=\"_blank\" rel=\"noopener noreferrer\">plataforma de formaci\u00f3n online gratuita<\/a> para tratar de ayudar a las personas con discapacidad visual (VIP) y a las personas ciegas a utilizar mejor las herramientas disponibles en Internet, y ense\u00f1arles c\u00f3mo venderse, con el objetivo principal de obtener una entrevista. La plataforma es de uso gratuito e incluye informaci\u00f3n importante sobre legislaci\u00f3n, recursos y mucho m\u00e1s en la UE y, en particular, en los pa\u00edses de los socios del proyecto: B\u00e9lgica (<a href=\"http:\/\/www.viewsinternational.eu\/\" target=\"_blank\" rel=\"noopener noreferrer\">Views International<\/a>), Italy (<a href=\"http:\/\/www.aforismatoscana.net\/\" target=\"_blank\" rel=\"noopener noreferrer\">Aforisma Toscana<\/a> e <a href=\"https:\/\/www.istitutorittmeyer.it\/\" target=\"_blank\" rel=\"noopener noreferrer\">Istituto Rittmeyer<\/a>) y Espa\u00f1a (<a href=\"http:\/\/www.doceteomnes.com\" target=\"_blank\" rel=\"noopener noreferrer\">Fundaci\u00f3n Docete Omnes<\/a>).<\/p>\n","protected":false},"excerpt":{"rendered":"","protected":false},"author":1,"featured_media":0,"parent":0,"menu_order":0,"comment_status":"closed","ping_status":"closed","template":"","meta":[],"_links":{"self":[{"href":"https:\/\/webapp.viptechjob.eu\/es\/wp-json\/wp\/v2\/pages\/724"}],"collection":[{"href":"https:\/\/webapp.viptechjob.eu\/es\/wp-json\/wp\/v2\/pages"}],"about":[{"href":"https:\/\/webapp.viptechjob.eu\/es\/wp-json\/wp\/v2\/types\/page"}],"author":[{"embeddable":true,"href":"https:\/\/webapp.viptechjob.eu\/es\/wp-json\/wp\/v2\/users\/1"}],"replies":[{"embeddable":true,"href":"https:\/\/webapp.viptechjob.eu\/es\/wp-json\/wp\/v2\/comments?post=724"}],"version-history":[{"count":4,"href":"https:\/\/webapp.viptechjob.eu\/es\/wp-json\/wp\/v2\/pages\/724\/revisions"}],"predecessor-version":[{"id":1695,"href":"https:\/\/webapp.viptechjob.eu\/es\/wp-json\/wp\/v2\/pages\/724\/revisions\/1695"}],"wp:attachment":[{"href":"https:\/\/webapp.viptechjob.eu\/es\/wp-json\/wp\/v2\/media?parent=724"}],"curies":[{"name":"wp","href":"https:\/\/api.w.org\/{rel}","templated":true}]}}