{"id":708,"date":"2019-04-22T18:37:19","date_gmt":"2019-04-22T17:37:19","guid":{"rendered":"https:\/\/webapp.viptechjob.eu\/pagina-para-contrasena-olvidada\/"},"modified":"2019-11-22T08:21:50","modified_gmt":"2019-11-22T07:21:50","slug":"pagina-para-contrasena-olvidada","status":"publish","type":"page","link":"https:\/\/webapp.viptechjob.eu\/es\/pagina-para-contrasena-olvidada\/","title":{"rendered":"P\u00e1gina para contrase\u00f1a olvidada"},"content":{"rendered":"<p>\u00bfOlvidaste tu contrase\u00f1a? \u00a1No te preocupes! <\/p>\n<p>Por favor, pon tu nombre de usuario o direcci\u00f3n de e-mail debajo y recibir\u00e1s un e-mail con un enlace para restablecer tu contrase\u00f1a.<\/p>\n\n\t\t<form class=\"wpv-form\" name=\"forgotpasswordform\" id=\"forgotpasswordform\" action=\"https:\/\/webapp.viptechjob.eu\/wp-login.php?action=lostpassword\" method=\"post\">\n\t\t\t<div class=\"wp-success\"><\/div>\n\t\t\t<p class=\"login-username\">\n\t\t\t\t<label for=\"user_login\">Nombre de usuario o direcci\u00f3n de correo electr\u00f3nico<\/label>\n\t\t\t\t<input type=\"text\" name=\"user_login\" id=\"user_login\" class=\"input\" value=\"\" size=\"20\" \/>\n\t\t\t<\/p>\n\t\t\t\n\t\t\t<p class=\"login-submit\">\n\t\t\t\t<input type=\"submit\" name=\"wp-submit\" id=\"wp-submit\" class=\"button-primary\" value=\"Obtener contrase\u00f1a nueva\" \/>\n\t\t\t\t<input type=\"hidden\" name=\"redirect_to\" value=\"https:\/\/webapp.viptechjob.eu\/es\/wp-json\/wp\/v2\/pages\/708\" \/>\n\t\t\t<\/p>\n\t\t\t<input type=\"hidden\" name=\"wpv_forgot_password_form\" value=\"on\"\/><input type=\"hidden\" name=\"wpv_forgot_password_form_redirect_on_fail\" value=\"https:\/\/webapp.viptechjob.eu\/es\/wp-json\/wp\/v2\/pages\/708\" \/><input type=\"hidden\" name=\"wpv_forgot_password_form_reset_password_url\" value=\"https:\/\/webapp.viptechjob.eu\/reset-password\/\" \/>\n\t\t<\/form>\n","protected":false},"excerpt":{"rendered":"<p>\u00bfOlvidaste tu contrase\u00f1a? \u00a1No te preocupes! Por favor, pon tu nombre de usuario o direcci\u00f3n de e-mail debajo y recibir\u00e1s un e-mail con un enlace para restablecer tu contrase\u00f1a.<\/p>\n","protected":false},"author":1,"featured_media":0,"parent":0,"menu_order":0,"comment_status":"closed","ping_status":"closed","template":"","meta":[],"_links":{"self":[{"href":"https:\/\/webapp.viptechjob.eu\/es\/wp-json\/wp\/v2\/pages\/708"}],"collection":[{"href":"https:\/\/webapp.viptechjob.eu\/es\/wp-json\/wp\/v2\/pages"}],"about":[{"href":"https:\/\/webapp.viptechjob.eu\/es\/wp-json\/wp\/v2\/types\/page"}],"author":[{"embeddable":true,"href":"https:\/\/webapp.viptechjob.eu\/es\/wp-json\/wp\/v2\/users\/1"}],"replies":[{"embeddable":true,"href":"https:\/\/webapp.viptechjob.eu\/es\/wp-json\/wp\/v2\/comments?post=708"}],"version-history":[{"count":1,"href":"https:\/\/webapp.viptechjob.eu\/es\/wp-json\/wp\/v2\/pages\/708\/revisions"}],"predecessor-version":[{"id":709,"href":"https:\/\/webapp.viptechjob.eu\/es\/wp-json\/wp\/v2\/pages\/708\/revisions\/709"}],"wp:attachment":[{"href":"https:\/\/webapp.viptechjob.eu\/es\/wp-json\/wp\/v2\/media?parent=708"}],"curies":[{"name":"wp","href":"https:\/\/api.w.org\/{rel}","templated":true}]}}