{"id":1714,"date":"2019-02-07T08:23:28","date_gmt":"2019-02-07T07:23:28","guid":{"rendered":"https:\/\/webapp.viptechjob.eu\/politica-de-privacidad\/"},"modified":"2020-01-16T09:05:07","modified_gmt":"2020-01-16T08:05:07","slug":"politica-de-privacidad","status":"publish","type":"page","link":"https:\/\/webapp.viptechjob.eu\/es\/politica-de-privacidad\/","title":{"rendered":"Pol\u00edtica de privacidad"},"content":{"rendered":"<p>Bienvenido\/a a la aplicaci\u00f3n web del proyecto VIP Tech Job creada por los siguientes socios: B\u00e9lgica (<a href=\"http:\/\/www.viewsinternational.eu\/\" target=\"_blank\" rel=\"noopener noreferrer\">Views International<\/a>), Italia (<a href=\"http:\/\/www.aforismatoscana.net\/\" target=\"_blank\" rel=\"noopener noreferrer\">Aforisma Toscana<\/a> e <a href=\"https:\/\/www.istitutorittmeyer.it\/\" target=\"_blank\" rel=\"noopener noreferrer\">Istituto Rittmeyer<\/a>) y Espa\u00f1a ( <a href=\"http:\/\/www.doceteomnes.com\/\" target=\"_blank\" rel=\"noopener noreferrer\">Fundaci\u00f3n DceteOmnes<\/a>). Estamos encantados de poder trabajar contigo y poder ayudarte en el desarrollo de su carrera. Como supondr\u00e1s, para poder prestar nuestros servicios, recogemos y utilizamos informaci\u00f3n sobre ti. El proyecto VIP Tech Job est\u00e1 comprometido con la protecci\u00f3n y respeto por tu privacidad. Esta Pol\u00edtica de Privacidad describe los derechos que, en dicha materia, ostenta en relaci\u00f3n con la informaci\u00f3n que sobre ti procesamos, as\u00ed como las medidas que tomamos para proteger tu privacidad. Sabemos que puede ser extenso y tedioso, pero por favor, lee detenidamente la Pol\u00edtica. Hay un \u00edndice a continuaci\u00f3n para que, si lo prefieres, puedas acceder directamente a las secciones que m\u00e1s te interesen.<\/p>\n<h2><strong><u>\u00cdndice<\/u><\/strong><\/h2>\n<ol>\n<li>    <a href=\"#section1\">Algunos t\u00e9rminos a tener en cuenta.<\/a><\/li>\n<li>    <a href=\"#section2\">\u00bfQu\u00e9 datos personales recogemos y utilizamos?<\/a><\/li>\n<li>    <a href=\"#section3\">\u00bfPara qu\u00e9 empleamos informaci\u00f3n personal sobre usted?<\/a><\/li>\n<li>    <a href=\"#section4\">\u00bfQu\u00e9 dice la ley al respecto?<\/a><\/li>\n<li>    <a href=\"#section5\">\u00bfTienes que facilitarnos la informaci\u00f3n personal que hemos solicitado?<\/a><\/li>\n<li>    <a href=\"#section6\">\u00bfDurante cu\u00e1nto tiempo mantenemos tu informaci\u00f3n personal?<\/a><\/li>\n<li>    <a href=\"#section7\">\u00bfComunicamos la informaci\u00f3n a terceras partes?<\/a><\/li>\n<li>    <a href=\"#section8\">\u00bfComunicamos los datos personales fuera de la Uni\u00f3n Europea?<\/a><\/li>\n<li>    <a href=\"#section9\">\u00bfCu\u00e1les son tus derechos?<\/a><\/li>\n<li>    <a href=\"#section10\">\u00bfQu\u00e9 pasa con la seguridad de los datos cuando se utilizan sistemas de Web VIP Tech Job Project?<\/a><\/li>\n<li>    <a href=\"#section11\">Direcci\u00f3n IP y cookies.<\/a><\/li>\n<li>    <a href=\"#section12\">\u00bfC\u00f3mo puedes contactar con nosotros?<\/a><\/li>\n<li>    <a href=\"#section13\">\u00bfC\u00f3mo gestionamos los cambios en esta Pol\u00edtica?<\/a><\/li>\n<\/ol>\n<hr>\n<h3><a name=\"section1\"><\/a>1) Algunos t\u00e9rminos a tener en cuenta<\/h3>\n<p>En primer lugar, esta aplicaci\u00f3n web permitir\u00e1 a los usuarios compartir y ver contenidos relacionados con oportunidades laborales adecuadas para personas ciegas o con discapacidad visual, de manera accesible. Adem\u00e1s, las personas ciegas o con discapacidad visual podr\u00e1n compartir oportunidades de trabajo que consideren interesantes para el resto de los usuarios; y, por supuesto, pueden enviar sus solicitudes de trabajo de manera r\u00e1pida y f\u00e1cil.<\/p>\n<p>Usted puede crear su cuenta de solicitante y obtener acceso a todos los recursos y ofertas de trabajo disponibles dentro de la aplicaci\u00f3n web.<\/p>\n<p>Las empresas pueden publicar sus ofertas de empleo, recibir solicitudes de empleo y buscar el mejor usuario entre los curr\u00edculos subidos a la aplicaci\u00f3n web.<\/p>\n<p>Tambi\u00e9n hemos desarrollado una <a href=\"https:\/\/howto.viptechjob.eu\" target=\"_blank\" rel=\"noopener noreferrer\">plataforma de capacitaci\u00f3n en l\u00ednea gratuita<\/a> para tratar de ayudar a las personas con discapacidad visual (VIP) y a las personas ciegas a utilizar mejor las herramientas disponibles en Internet, y ense\u00f1arles c\u00f3mo venderse, con el objetivo principal de obtener una entrevista. La plataforma es de uso gratuito e incluye informaci\u00f3n importante sobre legislaci\u00f3n, recursos y mucho m\u00e1s en la UE y, en particular, en los pa\u00edses de los socios del proyecto: B\u00e9lgica (Views International), Italia (Aforisma Toscana e Istituto Rittmeyer) y Espa\u00f1a (Fundaci\u00f3n Docete Omnes).<\/p>\n<p>Por \u00faltimo, esta Pol\u00edtica se refiere a informaci\u00f3n sobre personas, como Vd. o su familia. Incluye datos sobre Vd., pero tambi\u00e9n opiniones suyas y que Vd. ha expresado (por ejemplo, \u201cexperiencia profesional, informaci\u00f3n adicional, descripci\u00f3n del CV\u201d). Es posible que no se trate de informaci\u00f3n de car\u00e1cter personal (aunque en ocasiones puede que ambas se den). Este tipo de informaci\u00f3n es denominada en ocasiones \u201cInformaci\u00f3n Personal\u201d, \u201cDatos Personales\u201d o \u201cInformaci\u00f3n de Persona Identificada o identificable\u201d si bien, a lo largo de esta Pol\u00edtica, empleamos el t\u00e9rmino \u201cInformaci\u00f3n Personal\u201d.<\/p>\n<h3><a name=\"section2\"><\/a>2) \u00bfQu\u00e9 datos personales recogemos y utilizamos?<\/h3>\n<p>La informaci\u00f3n personal que el proyecto recoge incluye, entre otros, los siguientes datos:<\/p>\n<ol>\n<li>Su nombre, datos de nacimiento, datos de contacto y de formaci\u00f3n (estudios, cursos, pr\u00e1cticas\u2026), documento de identidad, permiso de trabajo y cualquier otro tipo de informaci\u00f3n que pueda haber incluido en su CV.<\/li>\n<li>Si se da de alta en nuestro portal utilizando LinkedIn o cualquier otra red social; datos de su perfil.<\/li>\n<li>Si contacta con nosotros, podremos mantener evidencias de dicha comunicaci\u00f3n.<\/li>\n<li>Cualquier informaci\u00f3n que Usted nos proporcione cuando utilice nuestros formularios \u201cCuenta de solicitante\u201d, \u201cCuenta de empresa\u201d. En concreto, nombre, apellidos y correo electr\u00f3nico. La provisi\u00f3n de su informaci\u00f3n personal por medio de dichos formularios no es una exigencia obligatoria o contractual. Sin embargo, los campos marcados con un asterisco son obligatorios porque necesitamos esta informaci\u00f3n para cumplir su solicitud. Otra informaci\u00f3n que Usted comparta con nosotros completando dichos formularios es a su total discreci\u00f3n.<\/li>\n<li>Tambi\u00e9n recogemos informaci\u00f3n sobre las visitas a la p\u00e1gina web\/Portal, incluido, pero no limitado a, la direcci\u00f3n IP, navegador empleado, localizaci\u00f3n, pa\u00eds, entradas en la p\u00e1gina y otras comunicaciones de datos y fuentes a las que accede. Esta informaci\u00f3n har\u00e1 m\u00e1s f\u00e1cil su visita a nuestra p\u00e1gina web o Portal en el futuro.<\/li>\n<li>Podr\u00e1 adjuntar su fotograf\u00eda (si bien no es obligatorio que la adjunte).<\/li>\n<li>Datos sobre posibles discapacidades o adaptaciones que debamos realizar en el puesto de trabajo.<\/li>\n<li>En algunas ocasiones, cuando est\u00e9 permitido, tambi\u00e9n recogeremos datos personales sensibles.<\/li>\n<\/ol>\n<h3><a name=\"section3\"><\/a>3) \u00bfPara qu\u00e9 empleamos informaci\u00f3n personal sobre usted?<\/h3>\n<p>El proyecto recoge y procesa la informaci\u00f3n personal para:<\/p>\n<ol>\n<li>Facilitarle los servicios que espera le ofrezcamos, como encontrar un puesto de trabajo, ayudarle a trav\u00e9s de formaci\u00f3n o facilitarle el proceso para presentarse a un puesto o trabajo. Esto incluye remitir su CV a potenciales empleadores para su correspondiente evaluaci\u00f3n y mantenerle a Vd. informado de futuras vacantes disponibles por correo, tel\u00e9fono, correo electr\u00f3nico u otros medios de comunicaci\u00f3n.<\/li>\n<li>Para realizar estudios e investigaciones estad\u00edsticas y anal\u00edticas, por ejemplo, para comparar la eficacia de las asignaciones\/contrataciones de Usuarios entre diferentes sectores de negocio y \u00e1reas geogr\u00e1ficas, as\u00ed como buscar o identificar factores que puedan influir en las diferencias halladas.<\/li>\n<li>Comunicar datos a terceras partes (ver m\u00e1s adelante).<\/li>\n<li>Cuando sea necesario, cumplir con las obligaciones legales.<\/li>\n<li>Puede que tambi\u00e9n empleemos la informaci\u00f3n para:<\/li>\n<\/ol>\n<ul>\n<li style=\"list-style-type: none;\">\n<ul>\n<li> Promover la seguridad y protecci\u00f3n de personas, instalaciones, sistemas y bienes.<\/li>\n<li> Asegurar el cumplimiento de pol\u00edticas y procedimientos internos.<\/li>\n<li> Gestionar comunicaciones y otros sistemas empleados por Web VIP Tech Job Project (incluyendo base de datos de contacto interna).<\/li>\n<li> Investigar y gestionar incidentes y reclamaciones.<\/li>\n<li> Cumplir con las obligaciones y derechos, as\u00ed como cooperar con cualesquiera investigaciones llevadas a cabo por la polic\u00eda, juzgados, reguladores, etc.<\/li>\n<\/ul>\n<\/li>\n<\/ul>\n<h3><a name=\"section4\"><\/a>4) \u00bfQu\u00e9 dice al respecto la ley?<\/h3>\n<p>Estamos obligados por ley a tratar sus datos personales por medio de alguna de las bases legales que lo permitan.<\/p>\n<p>Cuando est\u00e9 trabajando con, o a trav\u00e9s de Web VIP Tech Job Project, el tratamiento que realizamos para dichos fines se fundamenta en que el tratamiento es necesario para la ejecuci\u00f3n de un contrato en el que el interesado es parte, el tratamiento es necesario para el cumplimiento de una obligaci\u00f3n legal aplicable al responsable del tratamiento o en que el tratamiento es necesario para satisfacer los intereses leg\u00edtimos de Web VIP Tech Job Project en el ejercicio de su derecho y en el de sus socios de poder desarrollar un proyecto que no supone un perjuicio para los intereses o derechos y libertades fundamentales de Vd. Cuando el citado tratamiento es necesario para la satisfacci\u00f3n de los intereses del proyecto, nos aseguramos de que se haga de tal forma que compense cualquier inter\u00e9s individual. Fuera de los anteriores supuestos, solo tratamos su informaci\u00f3n personal mediante su consentimiento.<\/p>\n<h3><a name=\"section5\"><\/a>5) \u00bfTiene que facilitarnos la informaci\u00f3n personal que hemos solicitado?<\/h3>\n<p>Although you are not obliged to provide us with personal information, if you do not provide it to us we will not be able to help you and we will not be able to provide you with any service.<\/p>\n<h3><a name=\"section6\"><\/a>6) \u00bfCu\u00e1nto tiempo mantenemos su informaci\u00f3n personal?<\/h3>\n<p>Web VIP Tech Job Project puede mantener su informaci\u00f3n personal durante un plazo m\u00e1ximo de 3 a\u00f1os desde que se registr\u00f3 o realiz\u00f3 la \u00faltima interacci\u00f3n con nosotros. Si encuentra empleo con nosotros, el proyecto tendr\u00e1 que mantener la informaci\u00f3n personal por un periodo mayor para poder cumplir con las obligaciones legales y contractuales que se sucedan y de manera estad\u00edstica.<\/p>\n<h3><a name=\"section7\"><\/a>7) \u00bfComunicamos la informaci\u00f3n a terceras partes?<\/h3>\n<p>Como se indica anteriormente, normalmente comunicamos su informaci\u00f3n a terceras partes. La finalidad es poder realizar los objetivos ya indicados y lo hacemos bajo las siguientes circunstancias:<\/p>\n<ul>\n<li>A nuestros proveedores. Puede que, por ejemplo, contratemos a un proveedor para realizar tareas administrativas o trabajos operativos en apoyo de nuestra relaci\u00f3n con el Usuario. El proveedor(es) estar\u00e1 sujeto a obligaciones contractuales y legales para preservar la confidencialidad de los datos y proteger la privacidad y solo tendr\u00e1 acceso a los datos necesarios para el desarrollo de sus funciones: los proveedores m\u00e1s relevantes son, por lo general, los de sistemas inform\u00e1ticos (quienes alojan o dan soporte a nuestros sistemas inform\u00e1ticos, los cuales incluyen informaci\u00f3n sobre Vd.).<\/li>\n<li>A compa\u00f1eros miembros del Proyecto Web VIP Tech Job Project en otros pa\u00edses dentro de la Uni\u00f3n Europea; diferentes socios del Grupo Web VIP Tech Job Project desempe\u00f1an diferentes funciones y, como resultado, su informaci\u00f3n puede ser compartida con ellos para distintos fines.<\/li>\n<li>A nuestros potenciales empleadores: compartiremos la informaci\u00f3n sobre Vd. con aquellos que ofrezcan trabajos u ofertas en los que pueda estar interesado, o con aquellas empresas que est\u00e9n interesadas en su perfil. Los anteriores est\u00e1n sujetos a obligaciones contractuales y de car\u00e1cter confidencial en relaci\u00f3n con los datos que reciben.<\/li>\n<li>Compartiremos la informaci\u00f3n con aquellos con los que, como la Administraci\u00f3n, reguladores o fuerzas y cuerpos de seguridad, entre otros, entendamos estemos legalmente obligados, autorizados o consideremos necesario hacerlo.<\/li>\n<\/ul>\n<h3><a name=\"section8\"><\/a>8) \u00bfComunicamos los datos personales fuera de la Uni\u00f3n Europea?<\/h3>\n<p>La informaci\u00f3n del Usuario puede ser transferida y procesada en uno o m\u00e1s pa\u00edses, dentro de la Uni\u00f3n Europea, y que lo forman los pa\u00edses a los que pertenecen los socios y que son: B\u00e9lgica ( <a href=\"http:\/\/www.viewsinternational.eu\/\" target=\"_blank\" rel=\"noopener noreferrer\">Views International<\/a> ), Italia ( <a href=\"http:\/\/www.aforismatoscana.net\/\" target=\"_blank\" rel=\"noopener noreferrer\">Aforisma Toscana<\/a> e <a href=\"https:\/\/www.istitutorittmeyer.it\/\" target=\"_blank\" rel=\"noopener noreferrer\">Istituto Rittmeyer<\/a> ) y Espa\u00f1a ( <a href=\"http:\/\/www.doceteomnes.com\/\" target=\"_blank\" rel=\"noopener noreferrer\">Fundaci\u00f3n Docete Omnes<\/a> ).<\/p>\n<h3><a name=\"section9\"><\/a>9) \u00bfCu\u00e1les son sus derechos?<\/h3>\n<ul>\n<li>Derecho a acceder y obtener una copia de la informaci\u00f3n personal. Vd. tiene derecho a solicitar informaci\u00f3n sobre si tratamos alg\u00fan dato personal suyo. En caso de que as\u00ed sea, puede acceder a su informaci\u00f3n personal (v\u00eda el Portal) y a determinada informaci\u00f3n sobre c\u00f3mo se procesa la misma. En algunos casos, puede solicitarnos que le facilitemos una copia por medios electr\u00f3nicos sobre su informaci\u00f3n.<\/li>\n<li>Derecho de rectificaci\u00f3n de la informaci\u00f3n personal. En caso de que evidencie que la informaci\u00f3n personal que sobre Vd. tenemos es incorrecta, puede requerirnos para que actualicemos o corrijamos dicha informaci\u00f3n. En cualquier caso, le animamos a que sea Vd. mismo quien acceda al Portal y actualice la informaci\u00f3n personal directamente.<\/li>\n<li>Derecho al olvido o a la supresi\u00f3n de la informaci\u00f3n.<\/li>\n<li>En ciertas ocasiones, Vd. tendr\u00e1 derecho a solicitar que cesemos en el procesamiento de su informaci\u00f3n personal o que dicha informaci\u00f3n sea eliminada. La solicitud se puede presentar en cualquier momento y ser\u00e1 Web VIP Tech Job Project quien eval\u00fae y fundamente si su solicitud debe ser concedida. No obstante, este derecho est\u00e1 sujeto a los requisitos legales u obligaciones que puedan existir por las cuales tengamos que retener su informaci\u00f3n. Para aquellos casos en los que, de acuerdo con la norma, determinemos que la solicitud de cancelaci\u00f3n de los datos debe ser concedida, Web VIP Tech Job Project lo har\u00e1 sin incurrir en retrasos innecesarios. Hay que tener en cuenta que, una vez la informaci\u00f3n es eliminada, el proyecto no podr\u00e1 seguir si\u00e9ndole de ayuda para los fines comentados. En caso de que Vd. quiera registrarse nuevamente con el proyecto, ser\u00e1 necesario volver a facilitar la informaci\u00f3n.<\/li>\n<li>Derecho de oposici\u00f3n. En la medida en la que el procesamiento que realiza el proyecto de los datos personales que sobre Vd. tengamos est\u00e9 basado en el inter\u00e9s leg\u00edtimo de la misma (y no exista otra base para el procesamiento) o se refiera a acciones de mercadotecnia, Vd. estar\u00e1 legitimado para oponerse, por motivos relacionados con su situaci\u00f3n particular, al procesamiento que realiza el proyecto de sus datos.<\/li>\n<\/ul>\n<p>Si desea ejercer alguno de estos derechos, puede acceder a su perfil en el Portal o enviar un correo electr\u00f3nico a: <a href=\"mailto:fundacion@doceteomnes.com\">fundacion@doceteomnes.com<\/a><\/p>\n<p>Cuando contacte para ejercer los antedichos derechos, el proyecto podr\u00e1 solicitarle que se identifique debidamente antes de poder proceder a la solicitud. Por \u00faltimo, indicarle que Vd. tiene derecho a presentar una reclamaci\u00f3n ante la autoridad competente en materia de protecci\u00f3n de datos del lugar de su residencia o trabajo, o en aquel lugar en el que considere que ha sucedido un incidente relacionado con su informaci\u00f3n personal.<\/p>\n<h3><a name=\"section10\"><\/a>10) \u00bfQu\u00e9 pasa con la seguridad de los datos cuando se utilizan sistemas de Web VIP Tech Job Project?<\/h3>\n<p>Vd. es el responsable de mantener los datos de acceso a su Portal seguros, concretamente la contrase\u00f1a facilitada o que haya elegido. Estos datos de acceso son para uso exclusivo del Usuario, no pudiendo compartir las mismas ni el resto de detalles de su cuenta con ninguna persona.<\/p>\n<h3><a name=\"section11\"><\/a>11) \u00bfC\u00f3mo pueden contactar con nosotros?<\/h3>\n<p>Para cualquier consulta o duda relacionada con esta Pol\u00edtica, para ampliar informaci\u00f3n sobre c\u00f3mo protegemos la informaci\u00f3n (por ejemplo, cu\u00e1ndo realizamos transferencias fuera de la UE) y\/o para contactar con el Delegado de Protecci\u00f3n de Datos y el correspondiente responsable local en materia de privacidad, puede enviar un correo electr\u00f3nico a las siguientes direcciones: <a href=\"mailto:fundacion@doceteomnes.com\">fundacion@doceteomnes.com<\/a><\/p>\n<h3><a name=\"section12\"><\/a>12) \u00bfC\u00f3mo gestionamos los cambios en esta Pol\u00edtica?<\/h3>\n<p>Los t\u00e9rminos de esta Pol\u00edtica pueden sufrir cambios cada cierto tiempo. Publicaremos cualquier cambio de relevancia a trav\u00e9s de los necesarios avisos, ya sean en la p\u00e1gina web o poni\u00e9ndonos en contacto a trav\u00e9s de los canales que resulten apropiados.<\/p>\n<p>&nbsp;<\/p>\n","protected":false},"excerpt":{"rendered":"<p>Bienvenido\/a a la aplicaci\u00f3n web del proyecto VIP Tech Job creada por los siguientes socios: B\u00e9lgica (Views International), Italia (Aforisma Toscana e Istituto Rittmeyer) y Espa\u00f1a ( Fundaci\u00f3n DceteOmnes). Estamos encantados de poder trabajar contigo y poder ayudarte en el desarrollo de su carrera. Como supondr\u00e1s, para poder prestar nuestros servicios, recogemos y utilizamos informaci\u00f3n &hellip; <a href=\"https:\/\/webapp.viptechjob.eu\/es\/politica-de-privacidad\/\" class=\"more-link\">Continuar leyendo<span class=\"screen-reader-text\"> \u00abPol\u00edtica de privacidad\u00bb<\/span><\/a><\/p>\n","protected":false},"author":1,"featured_media":0,"parent":0,"menu_order":0,"comment_status":"closed","ping_status":"closed","template":"","meta":[],"_links":{"self":[{"href":"https:\/\/webapp.viptechjob.eu\/es\/wp-json\/wp\/v2\/pages\/1714"}],"collection":[{"href":"https:\/\/webapp.viptechjob.eu\/es\/wp-json\/wp\/v2\/pages"}],"about":[{"href":"https:\/\/webapp.viptechjob.eu\/es\/wp-json\/wp\/v2\/types\/page"}],"author":[{"embeddable":true,"href":"https:\/\/webapp.viptechjob.eu\/es\/wp-json\/wp\/v2\/users\/1"}],"replies":[{"embeddable":true,"href":"https:\/\/webapp.viptechjob.eu\/es\/wp-json\/wp\/v2\/comments?post=1714"}],"version-history":[{"count":3,"href":"https:\/\/webapp.viptechjob.eu\/es\/wp-json\/wp\/v2\/pages\/1714\/revisions"}],"predecessor-version":[{"id":1718,"href":"https:\/\/webapp.viptechjob.eu\/es\/wp-json\/wp\/v2\/pages\/1714\/revisions\/1718"}],"wp:attachment":[{"href":"https:\/\/webapp.viptechjob.eu\/es\/wp-json\/wp\/v2\/media?parent=1714"}],"curies":[{"name":"wp","href":"https:\/\/api.w.org\/{rel}","templated":true}]}}